{"id":1100,"date":"2023-06-05T16:02:19","date_gmt":"2023-06-05T16:02:19","guid":{"rendered":"https:\/\/sellaandre.com\/?page_id=1100"},"modified":"2024-09-02T15:26:32","modified_gmt":"2024-09-02T15:26:32","slug":"assessment-of-depression-and-burnout","status":"publish","type":"page","link":"https:\/\/sellaandre.com\/en\/evaluare-depresie-si-burnout\/","title":{"rendered":"Depression and Burnout Assessment"},"content":{"rendered":"<div>Evalu\u0103ri psihologice computerizate<\/div>\n<div><a href=\"\/cantact-tarife\/\"><span onclick=\"history.back()\">\u00cenapoi<\/span><br \/>\n<\/a><\/div>\n<div>\n<p><strong>Evaluarea aptitudinilor cognitive<\/strong><br \/><em>Ra\u021bionament analitic<\/em><br \/>Testul evalueaz\u0103 abilitatea unei persoane de a produce noi informa\u021bii prin combinarea celor existente. Prima parte a testului m\u0103soar\u0103 capacitatea de a descoperi reguli \u015fi de a le utiliza pentru a rezolva probleme (ra\u021bionament inductiv), iar a doua parte m\u0103soar\u0103 capacitatea de a extrage concluzii corecte, pornind de la diferite afirma\u021bii (ra\u021bionament deductiv).<\/p>\n<p><strong>Calcul matematic<\/strong><br \/>Testul m\u0103soar\u0103 capacitatea unei persoane de prelucrare a cuno\u015ftin\u021belor matematice achizi\u021bionate.<\/p>\n<p><strong>Ra\u021bionament matematic<\/strong><br \/>Testul m\u0103soar\u0103 capacitatea unei persoane de a \u00een\u021belege \u015fi organiza datele unei probleme matematice \u015fi de a selecta metoda matematic\u0103 adecvat\u0103 pentru rezolvarea ei.<\/p>\n<p><strong>Vocabular<\/strong><br \/>Testul evalueaz\u0103 m\u0103sura \u00een care o persoan\u0103 reu\u015fe\u015fte s\u0103 opereze cu sensurile cuvintelor, pentru a stabili gradul lor de apropiere\/departare semantic\u0103.<\/p>\n<p><strong>Timp de reac\u021bie \u00een alegeri (TRA)<\/strong><br \/>Testul m\u0103soar\u0103 rapiditatea cu care o persoan\u0103 r\u0103spunde corect \u00eentr-o sarcina de alegere \u00eentre alternative.<\/p>\n<p><strong>Evaluarea emo\u021biilor \u015fi a comportamentelor<\/strong><br \/><em>Chestionarul PDSQ<\/em><br \/>Chestionarul evalueaz\u0103 emo\u021biile, st\u0103rile, g\u00e2ndurile \u015fi comportamentele dumneavoastr\u0103.<\/p>\n<p><strong>Scala EMAS- STARE<\/strong><br \/>Testul evalueaz\u0103 reac\u021biile \u015fi atitudinile dvs. referitoare la o situa\u021bie care v\u0103 preocup\u0103 \u00een acest moment. Aceste reac\u021bii \u015fi atitudini reflect\u0103 starea subiectiv\u0103 curent\u0103 de anxietate fa\u021b\u0103 de situa\u021bia la care v-a\u021bi raportat.<\/p>\n<p><strong>Scala EMAS-PERCEP\u021aIE<\/strong><br \/>Acest test m\u0103soar\u0103 modul \u00een care dvs. percepe\u021bi situa\u021bia care v\u0103 preocup\u0103 \u00een acest moment (\u015fi la care v-a\u021bi referit \u00een testul anterior, EMAS-STARE).<\/p>\n<p><strong>Scala EMAS-TR\u0102S\u0102TUR\u0102<\/strong><br \/>Acest test m\u0103soar\u0103 reac\u021biile dvs. tipice \u00een patru tipuri distincte de situa\u021bii: evaluare social\u0103, pericol fizic, situa\u021bii noi sau ambigue \u015fi situa\u021bii obi\u015fnuite, de rutin\u0103 zilnic\u0103. Rezultatele indic\u0103 \u00een care dintre cele patru domenii manifesta\u021bi o predispozi\u021bie relativ slabil\u0103 (o tr\u0103s\u0103tur\u0103) de a reac\u021biona anxios (adic\u0103 de a v\u0103 \u00eengrijora excesiv, de a v\u0103 sim\u021bi nelini\u015ftit, tensionat, \u00eenfrico\u015fat<br \/>etc).<\/p>\n<p><strong>Scala SAS-PERCEP\u021aIE<\/strong><br \/>Acest test m\u0103soar\u0103 modul \u00een care dvs. percepe\u021bi situa\u021bia care v\u0103 preocup\u0103 \u00een acest moment, fiind o completare a scalei EMAS-PERCEP\u021aIE.<\/p>\n<p><strong>Scala SAS-TR\u0102S\u0102TUR\u0102<\/strong><br \/>Acest test m\u0103soar\u0103 reac\u021biile dvs. tipice \u00een patru tipuri distincte de situa\u021bii: de separare de cei dragi, de auto-dezv\u0103luire fa\u021b\u0103 de un membru al familiei, de auto-dezv\u0103luire fa\u021b\u0103 de un prieten apropiat, de evaluare social\u0103. Rezultatele indic\u0103 \u00een care dintre cele patru domenii de rela\u021bionare interpersonal\u0103 manifesta\u021bi o predispozi\u021bie relativ slabil\u0103 (o tr\u0103s\u0103tur\u0103) de a reac\u021biona anxios (adic\u0103 de a v\u0103 \u00eengrijora excesiv, de a v\u0103 sim\u021bi nelini\u015ftit, tensionat, \u00eenfrico\u015fat etc).<\/p>\n<p><strong>Scalele CASE-SF<\/strong><br \/>Acest chestionar evalueaz\u0103 emo\u021biile, st\u0103rile, g\u00e2ndurile \u015fi comportamentele dumneavoastr\u0103.<\/p>\n<p><strong>Inventarul tulbur\u0103rilor de comportament alimentar-3 (EDI-3)<\/strong><br \/>Acest inventar este un instrument de autoevaluare a tr\u0103s\u0103turilor psihologice \u015fi a simptomelor<br \/>relevante din punct de vedere clinic pentru dezvoltarea \u015fi men\u021binerea tulbur\u0103rilor de comportament alimentar.<\/p>\n<p><strong>Evaluarea personalit\u0103\u021bii \u015fi atitudinilor<\/strong><br \/><strong>Scala de atitudini disfunc\u021bionale, Forma A (DAS)<\/strong><br \/>Aceast\u0103 scal\u0103 evalueaz\u0103 atitudinile ce pot constitui o predispozi\u021bie pentru instalarea depresiei.<\/p>\n<p><strong>Profilul distresului emo\u021bional (PDE)<\/strong><br \/>Aceast\u0103 scal\u0103 m\u0103soar\u0103 prezen\u021ba emo\u021biilor negative (anxietate, \u00eengrijorare, deprimare, triste\u021be) din ultimele dou\u0103 s\u0103pt\u0103m\u00e2ni.<\/p>\n<p><strong>Chestionar de autonomie personal\u0103 (AP)<\/strong><br \/>Chestionarul evalueaz\u0103 capacitatea unei persoane de a controla propria via\u021b\u0103 \u015fi sentimentul c\u0103 exist\u0103 posibilitatea de a exercita acest control.<\/p>\n<p><strong>Chestionarul ZKPQ<\/strong><br \/>Chestionarul evalueaz\u0103 o serie de tr\u0103s\u0103turi de personalitate, pun\u00e2nd accentul pe caracteristicile temperamentale.<\/p>\n<p><strong>Chestionarul stilului explicativ<\/strong><br \/>Chestionarul evalueaz\u0103 modul obi\u015fnuit al unei persoane de a explica evenimentele cu care se confrunt\u0103 \u00een via\u021ba sa.<\/p>\n<p><strong>Scala de acceptare necondi\u021bionat\u0103 a propriei persoane (USAQ)<\/strong><br \/>Aceast\u0103 scal\u0103 m\u0103soar\u0103 nivelul la care o persoan\u0103 se apreciaz\u0103 pe sine, indiferent de comportamentele sau performan\u021bele sale \u015fi indiferent de judecata altora.<\/p>\n<p><strong>Chestionarul schemelor cognitive (YSQ-3)<\/strong><br \/>Acest chestionar evalueaz\u0103 convingerile generale ale unei persoane cu privire la sine \u015fi propriile rela\u021bii cu ceilal\u021bi, \u015fi care sunt responsabile pentru generarea unei st\u0103ri emo\u021bionale negative \u015fi a unor consecin\u021be defavorabile. Aceste convingeri ad\u00e2nc \u00eenr\u0103d\u0103cinate se numesc scheme cognitive dezadaptative.<\/p>\n<p><strong>Chestionarul de coping cognitiv-emo\u021bional (CERQ)<\/strong><br \/>Acest chestionar permite identificarea strategiilor folosite pentru a face fa\u021b\u0103 evenimentelor sau situa\u021biilor negative.<\/p>\n<p><strong>Scala de abordare strategic\u0103 a copingului (SACS)<\/strong><br \/>Acest chestionar evalueaz\u0103 cum reac\u021bioneaz\u0103 comportamental oamenii atunci c\u00e2nd se confrunt\u0103 cu o problem\u0103\/situa\u021bie stresant\u0103.<\/p>\n<p><strong>Evaluarea s\u0103n\u0103t\u0103\u021bii mentale<\/strong><br \/><strong>Scala Penn State de autoevaluare a \u00eengrijor\u0103rilor (PSWQ)<\/strong><br \/>Aceast\u0103 scal\u0103 evalueaz\u0103 tendin\u021ba individului de a se \u00eengrijora, precum \u015fi atitudinea sa fa\u021b\u0103 de propriile \u00eengrijor\u0103ri.<\/p>\n<p><strong>Scala cu 7 itemi de autoevaluare a simptomelor de anxietate generalizat\u0103 (GAD7)<\/strong><br \/>Aceast\u0103 scal\u0103 m\u0103soar\u0103 o serie de simptome caracteristice anxiet\u0103\u021bii generalizate.<\/p>\n<p><strong>Scala OLBI pentru burnout<\/strong><br \/>Aceast\u0103 scal\u0103 evalueaz\u0103 simptome ale sindromului de burnout pe dou\u0103 dimensiuni: epuizare \u015fi distan\u021bare fa\u021b\u0103 de munc\u0103.<\/p>\n<p><strong>Scala pentru simptome de burnout (BAT)<\/strong><br \/>Aceast\u0103 scal\u0103 evalueaz\u0103 simptome specifice ale sindromului de burnout, precum st\u0103ri de epuizare, distan\u021bare mental\u0103, afectarea controlului cognitiv \u015fi emo\u021bional; dar \u015fi simptome de distres psihologic sau psihosomatice.<br \/><strong>Scala cu 9 itemi de autoevaluare a simptomelor de depresie (PHQ9)<\/strong><br \/>Aceast\u0103 scal\u0103 m\u0103soar\u0103 o serie de simptome caracteristice depresiei.<\/p>\n<p><strong>Scala de autoevaluare a nivelului de stres perceput (PSS-10)<\/strong><br \/>Acest chestionar evalueaz\u0103 nivelul de stres perceput.<\/p>\n<p><strong>Scala de evaluare a adapt\u0103rii sociale \u015fi \u00een munc\u0103 (WSAS)<\/strong><br \/>Aceast\u0103 scal\u0103 evalueaz\u0103 nivelul de afectare a abilit\u0103\u021bii de a lucra, a abilit\u0103\u021bii de a \u00eendeplini sarcinile casnice, a activit\u0103\u021bilor sociale \u015fi private din timpul liber \u015fi a rela\u021biilor interpersonale.<\/p>\n<p><strong>Scala de evaluare a adapt\u0103rii sociale \u015fi \u00een munc\u0103 pentru depresie (WSAS-D)<\/strong><br \/>Aceast\u0103 scal\u0103 evalueaz\u0103 nivelul de afectare a abilit\u0103\u021bii de a lucra, a abilit\u0103\u021bii de a \u00eendeplini sarcinile casnice, a activit\u0103\u021bilor sociale \u015fi private din timpul liber \u015fi a rela\u021biilor interpersonale.<\/p>\n<\/div>\n<div>\n<p>        <img decoding=\"async\" src=\"\/wp-content\/uploads\/2023\/07\/sella-andre-01.jpg\" alt=\"Cabinet de Psihologie Oradea Sella Andre\"><\/p>\n<div>Andre SELLA<\/div>\n<p>Psihoterapeut<\/p>\n<div>\n<ul class=\"uk-list uk-link-text\">\n<li><a href=\"https:\/\/www.linkedin.com\/in\/andre-sella-407a96249\/\" target=\u201d_blank\u201d><span uk-icon=\"icon: linkedin\" class=\"uk-margin-small-right\"><\/span>Linkedin<\/a><\/li>\n<li><a href=\"https:\/\/www.facebook.com\/sellaandre.psiholog\" target=\u201d_blank\u201d><span uk-icon=\"icon: facebook\" class=\"uk-margin-small-right\"><\/span>Facebook<\/a><\/li>\n<li><a href=\"https:\/\/www.instagram.com\/\" target=\u201d_blank\u201d ><span uk-icon=\"icon: instagram\" class=\"uk-margin-small-right\"><\/span>Instagram<\/a><\/li>\n<\/ul>\n<\/div>\n<\/div>\n<p><!--more--><br \/>\n<!-- {\"type\":\"layout\",\"children\":[{\"type\":\"section\",\"props\":{\"animation\":\"fade\",\"animation_delay\":\"200\",\"header_transparent\":true,\"header_transparent_text_color\":\"light\",\"image\":\"wp-content\\\/uploads\\\/2024\\\/03\\\/hero-030224-01.jpg\",\"image_position\":\"top-center\",\"image_size\":\"cover\",\"media_focal_point\":\"top-center\",\"media_overlay\":\"rgba(0, 0, 0, 0.37)\",\"padding\":\"large\",\"style\":\"default\",\"title_breakpoint\":\"xl\",\"title_position\":\"top-left\",\"title_rotation\":\"left\",\"vertical_align\":\"\",\"width\":\"\"},\"children\":[{\"type\":\"row\",\"children\":[{\"type\":\"column\",\"props\":{\"image_position\":\"center-center\",\"position_sticky_breakpoint\":\"m\"},\"children\":[{\"type\":\"headline\",\"props\":{\"block_align\":\"center\",\"margin_remove_bottom\":true,\"maxwidth\":\"xlarge\",\"title_element\":\"h1\"},\"source\":{\"query\":{\"name\":\"pages.singlePage\"},\"props\":{\"content\":{\"filters\":{\"search\":\"\"},\"name\":\"title\"}}}},{\"type\":\"headline\",\"props\":{\"block_align\":\"center\",\"content\":\"Evalu\\u0103ri psihologice computerizate\",\"margin_remove_top\":true,\"maxwidth\":\"xlarge\",\"text_align\":\"left\",\"title_element\":\"div\",\"title_style\":\"h5\"}}]}]}],\"name\":\"Image\"},{\"type\":\"section\",\"props\":{\"image_position\":\"center-center\",\"padding\":\"xsmall\",\"padding_remove_top\":false,\"style\":\"default\",\"title_breakpoint\":\"xl\",\"title_position\":\"top-left\",\"title_rotation\":\"left\",\"vertical_align\":\"\",\"width\":\"default\"},\"children\":[{\"type\":\"row\",\"props\":{\"column_gap\":\"small\",\"divider\":false,\"layout\":\"1-2,1-2\",\"row_gap\":\"small\"},\"children\":[{\"type\":\"column\",\"props\":{\"image_position\":\"center-center\",\"position_sticky_breakpoint\":\"m\",\"width_default\":\"auto\"},\"children\":[{\"type\":\"headline\",\"props\":{\"content\":\"<span onclick=\\\"history.back()\\\">\\u00cenapoi<\\\/span>\\n\",\"link\":\"cantact-tarife\\\/\",\"link_style\":true,\"title_element\":\"div\",\"title_style\":\"h5\"}}]},{\"type\":\"column\",\"props\":{\"image_position\":\"center-center\",\"position_sticky_breakpoint\":\"m\",\"width_default\":\"expand\"}}]}],\"name\":\"Meta\"},{\"type\":\"section\",\"props\":{\"image_position\":\"center-center\",\"padding\":\"large\",\"padding_remove_top\":true,\"style\":\"default\",\"title_breakpoint\":\"xl\",\"title_position\":\"top-left\",\"title_rotation\":\"left\",\"vertical_align\":\"\",\"width\":\"default\"},\"children\":[{\"type\":\"row\",\"props\":{\"layout\":\"3-4,1-4\",\"margin\":\"large\"},\"children\":[{\"type\":\"column\",\"props\":{\"image_position\":\"center-center\",\"position_sticky\":\"column\",\"position_sticky_breakpoint\":\"m\",\"width_medium\":\"3-4\"},\"children\":[{\"type\":\"divider\",\"props\":{\"divider_element\":\"div\",\"margin\":\"large\"}},{\"type\":\"text\",\"props\":{\"column_breakpoint\":\"m\",\"content\":\"\n\n<p><strong>Evaluarea aptitudinilor cognitive<\\\/strong><br \\\/><em>Ra\\u021bionament analitic<\\\/em><br \\\/>Testul evalueaz\\u0103 abilitatea unei persoane de a produce noi informa\\u021bii prin combinarea celor existente. Prima parte a testului m\\u0103soar\\u0103 capacitatea de a descoperi reguli \\u015fi de a le utiliza pentru a rezolva probleme (ra\\u021bionament inductiv), iar a doua parte m\\u0103soar\\u0103 capacitatea de a extrage concluzii corecte, pornind de la diferite afirma\\u021bii (ra\\u021bionament deductiv).<\\\/p>\\n\n\n<p><strong>Calcul matematic<\\\/strong><br \\\/>Testul m\\u0103soar\\u0103 capacitatea unei persoane de prelucrare a cuno\\u015ftin\\u021belor matematice achizi\\u021bionate.<\\\/p>\\n\n\n<p><strong>Ra\\u021bionament matematic<\\\/strong><br \\\/>Testul m\\u0103soar\\u0103 capacitatea unei persoane de a \\u00een\\u021belege \\u015fi organiza datele unei probleme matematice \\u015fi de a selecta metoda matematic\\u0103 adecvat\\u0103 pentru rezolvarea ei.<\\\/p>\\n\n\n<p><strong>Vocabular<\\\/strong><br \\\/>Testul evalueaz\\u0103 m\\u0103sura \\u00een care o persoan\\u0103 reu\\u015fe\\u015fte s\\u0103 opereze cu sensurile cuvintelor, pentru a stabili gradul lor de apropiere\\\/departare semantic\\u0103.<\\\/p>\\n\n\n<p><strong>Timp de reac\\u021bie \\u00een alegeri (TRA)<\\\/strong><br \\\/>Testul m\\u0103soar\\u0103 rapiditatea cu care o persoan\\u0103 r\\u0103spunde corect \\u00eentr-o sarcina de alegere \\u00eentre alternative.<\\\/p>\\n\n\n<p><strong>Evaluarea emo\\u021biilor \\u015fi a comportamentelor<\\\/strong><br \\\/><em>Chestionarul PDSQ<\\\/em><br \\\/>Chestionarul evalueaz\\u0103 emo\\u021biile, st\\u0103rile, g\\u00e2ndurile \\u015fi comportamentele dumneavoastr\\u0103.<\\\/p>\\n\n\n<p><strong>Scala EMAS- STARE<\\\/strong><br \\\/>Testul evalueaz\\u0103 reac\\u021biile \\u015fi atitudinile dvs. referitoare la o situa\\u021bie care v\\u0103 preocup\\u0103 \\u00een acest moment. Aceste reac\\u021bii \\u015fi atitudini reflect\\u0103 starea subiectiv\\u0103 curent\\u0103 de anxietate fa\\u021b\\u0103 de situa\\u021bia la care v-a\\u021bi raportat.<\\\/p>\\n\n\n<p><strong>Scala EMAS-PERCEP\\u021aIE<\\\/strong><br \\\/>Acest test m\\u0103soar\\u0103 modul \\u00een care dvs. percepe\\u021bi situa\\u021bia care v\\u0103 preocup\\u0103 \\u00een acest moment (\\u015fi la care v-a\\u021bi referit \\u00een testul anterior, EMAS-STARE).<\\\/p>\\n\n\n<p><strong>Scala EMAS-TR\\u0102S\\u0102TUR\\u0102<\\\/strong><br \\\/>Acest test m\\u0103soar\\u0103 reac\\u021biile dvs. tipice \\u00een patru tipuri distincte de situa\\u021bii: evaluare social\\u0103, pericol fizic, situa\\u021bii noi sau ambigue \\u015fi situa\\u021bii obi\\u015fnuite, de rutin\\u0103 zilnic\\u0103. Rezultatele indic\\u0103 \\u00een care dintre cele patru domenii manifesta\\u021bi o predispozi\\u021bie relativ slabil\\u0103 (o tr\\u0103s\\u0103tur\\u0103) de a reac\\u021biona anxios (adic\\u0103 de a v\\u0103 \\u00eengrijora excesiv, de a v\\u0103 sim\\u021bi nelini\\u015ftit, tensionat, \\u00eenfrico\\u015fat<br \\\/>etc).<\\\/p>\\n\n\n<p><strong>Scala SAS-PERCEP\\u021aIE<\\\/strong><br \\\/>Acest test m\\u0103soar\\u0103 modul \\u00een care dvs. percepe\\u021bi situa\\u021bia care v\\u0103 preocup\\u0103 \\u00een acest moment, fiind o completare a scalei EMAS-PERCEP\\u021aIE.<\\\/p>\\n\n\n<p><strong>Scala SAS-TR\\u0102S\\u0102TUR\\u0102<\\\/strong><br \\\/>Acest test m\\u0103soar\\u0103 reac\\u021biile dvs. tipice \\u00een patru tipuri distincte de situa\\u021bii: de separare de cei dragi, de auto-dezv\\u0103luire fa\\u021b\\u0103 de un membru al familiei, de auto-dezv\\u0103luire fa\\u021b\\u0103 de un prieten apropiat, de evaluare social\\u0103. Rezultatele indic\\u0103 \\u00een care dintre cele patru domenii de rela\\u021bionare interpersonal\\u0103 manifesta\\u021bi o predispozi\\u021bie relativ slabil\\u0103 (o tr\\u0103s\\u0103tur\\u0103) de a reac\\u021biona anxios (adic\\u0103 de a v\\u0103 \\u00eengrijora excesiv, de a v\\u0103 sim\\u021bi nelini\\u015ftit, tensionat, \\u00eenfrico\\u015fat etc).<\\\/p>\\n\n\n<p><strong>Scalele CASE-SF<\\\/strong><br \\\/>Acest chestionar evalueaz\\u0103 emo\\u021biile, st\\u0103rile, g\\u00e2ndurile \\u015fi comportamentele dumneavoastr\\u0103.<\\\/p>\\n\n\n<p><strong>Inventarul tulbur\\u0103rilor de comportament alimentar-3 (EDI-3)<\\\/strong><br \\\/>Acest inventar este un instrument de autoevaluare a tr\\u0103s\\u0103turilor psihologice \\u015fi a simptomelor<br \\\/>relevante din punct de vedere clinic pentru dezvoltarea \\u015fi men\\u021binerea tulbur\\u0103rilor de comportament alimentar.<\\\/p>\\n\n\n<p><strong>Evaluarea personalit\\u0103\\u021bii \\u015fi atitudinilor<\\\/strong><br \\\/><strong>Scala de atitudini disfunc\\u021bionale, Forma A (DAS)<\\\/strong><br \\\/>Aceast\\u0103 scal\\u0103 evalueaz\\u0103 atitudinile ce pot constitui o predispozi\\u021bie pentru instalarea depresiei.<\\\/p>\\n\n\n<p><strong>Profilul distresului emo\\u021bional (PDE)<\\\/strong><br \\\/>Aceast\\u0103 scal\\u0103 m\\u0103soar\\u0103 prezen\\u021ba emo\\u021biilor negative (anxietate, \\u00eengrijorare, deprimare, triste\\u021be) din ultimele dou\\u0103 s\\u0103pt\\u0103m\\u00e2ni.<\\\/p>\\n\n\n<p><strong>Chestionar de autonomie personal\\u0103 (AP)<\\\/strong><br \\\/>Chestionarul evalueaz\\u0103 capacitatea unei persoane de a controla propria via\\u021b\\u0103 \\u015fi sentimentul c\\u0103 exist\\u0103 posibilitatea de a exercita acest control.<\\\/p>\\n\n\n<p><strong>Chestionarul ZKPQ<\\\/strong><br \\\/>Chestionarul evalueaz\\u0103 o serie de tr\\u0103s\\u0103turi de personalitate, pun\\u00e2nd accentul pe caracteristicile temperamentale.<\\\/p>\\n\n\n<p><strong>Chestionarul stilului explicativ<\\\/strong><br \\\/>Chestionarul evalueaz\\u0103 modul obi\\u015fnuit al unei persoane de a explica evenimentele cu care se confrunt\\u0103 \\u00een via\\u021ba sa.<\\\/p>\\n\n\n<p><strong>Scala de acceptare necondi\\u021bionat\\u0103 a propriei persoane (USAQ)<\\\/strong><br \\\/>Aceast\\u0103 scal\\u0103 m\\u0103soar\\u0103 nivelul la care o persoan\\u0103 se apreciaz\\u0103 pe sine, indiferent de comportamentele sau performan\\u021bele sale \\u015fi indiferent de judecata altora.<\\\/p>\\n\n\n<p><strong>Chestionarul schemelor cognitive (YSQ-3)<\\\/strong><br \\\/>Acest chestionar evalueaz\\u0103 convingerile generale ale unei persoane cu privire la sine \\u015fi propriile rela\\u021bii cu ceilal\\u021bi, \\u015fi care sunt responsabile pentru generarea unei st\\u0103ri emo\\u021bionale negative \\u015fi a unor consecin\\u021be defavorabile. Aceste convingeri ad\\u00e2nc \\u00eenr\\u0103d\\u0103cinate se numesc scheme cognitive dezadaptative.<\\\/p>\\n\n\n<p><strong>Chestionarul de coping cognitiv-emo\\u021bional (CERQ)<\\\/strong><br \\\/>Acest chestionar permite identificarea strategiilor folosite pentru a face fa\\u021b\\u0103 evenimentelor sau situa\\u021biilor negative.<\\\/p>\\n\n\n<p><strong>Scala de abordare strategic\\u0103 a copingului (SACS)<\\\/strong><br \\\/>Acest chestionar evalueaz\\u0103 cum reac\\u021bioneaz\\u0103 comportamental oamenii atunci c\\u00e2nd se confrunt\\u0103 cu o problem\\u0103\\\/situa\\u021bie stresant\\u0103.<\\\/p>\\n\n\n<p><strong>Evaluarea s\\u0103n\\u0103t\\u0103\\u021bii mentale<\\\/strong><br \\\/><strong>Scala Penn State de autoevaluare a \\u00eengrijor\\u0103rilor (PSWQ)<\\\/strong><br \\\/>Aceast\\u0103 scal\\u0103 evalueaz\\u0103 tendin\\u021ba individului de a se \\u00eengrijora, precum \\u015fi atitudinea sa fa\\u021b\\u0103 de propriile \\u00eengrijor\\u0103ri.<\\\/p>\\n\n\n<p><strong>Scala cu 7 itemi de autoevaluare a simptomelor de anxietate generalizat\\u0103 (GAD7)<\\\/strong><br \\\/>Aceast\\u0103 scal\\u0103 m\\u0103soar\\u0103 o serie de simptome caracteristice anxiet\\u0103\\u021bii generalizate.<\\\/p>\\n\n\n<p><strong>Scala OLBI pentru burnout<\\\/strong><br \\\/>Aceast\\u0103 scal\\u0103 evalueaz\\u0103 simptome ale sindromului de burnout pe dou\\u0103 dimensiuni: epuizare \\u015fi distan\\u021bare fa\\u021b\\u0103 de munc\\u0103.<\\\/p>\\n\n\n<p><strong>Scala pentru simptome de burnout (BAT)<\\\/strong><br \\\/>Aceast\\u0103 scal\\u0103 evalueaz\\u0103 simptome specifice ale sindromului de burnout, precum st\\u0103ri de epuizare, distan\\u021bare mental\\u0103, afectarea controlului cognitiv \\u015fi emo\\u021bional; dar \\u015fi simptome de distres psihologic sau psihosomatice.<br \\\/><strong>Scala cu 9 itemi de autoevaluare a simptomelor de depresie (PHQ9)<\\\/strong><br \\\/>Aceast\\u0103 scal\\u0103 m\\u0103soar\\u0103 o serie de simptome caracteristice depresiei.<\\\/p>\\n\n\n<p><strong>Scala de autoevaluare a nivelului de stres perceput (PSS-10)<\\\/strong><br \\\/>Acest chestionar evalueaz\\u0103 nivelul de stres perceput.<\\\/p>\\n\n\n<p><strong>Scala de evaluare a adapt\\u0103rii sociale \\u015fi \\u00een munc\\u0103 (WSAS)<\\\/strong><br \\\/>Aceast\\u0103 scal\\u0103 evalueaz\\u0103 nivelul de afectare a abilit\\u0103\\u021bii de a lucra, a abilit\\u0103\\u021bii de a \\u00eendeplini sarcinile casnice, a activit\\u0103\\u021bilor sociale \\u015fi private din timpul liber \\u015fi a rela\\u021biilor interpersonale.<\\\/p>\\n\n\n<p><strong>Scala de evaluare a adapt\\u0103rii sociale \\u015fi \\u00een munc\\u0103 pentru depresie (WSAS-D)<\\\/strong><br \\\/>Aceast\\u0103 scal\\u0103 evalueaz\\u0103 nivelul de afectare a abilit\\u0103\\u021bii de a lucra, a abilit\\u0103\\u021bii de a \\u00eendeplini sarcinile casnice, a activit\\u0103\\u021bilor sociale \\u015fi private din timpul liber \\u015fi a rela\\u021biilor interpersonale.<\\\/p>\",\"margin\":\"medium\"}},{\"type\":\"pagination\",\"props\":{\"margin\":\"large\",\"pagination_space_between\":true,\"pagination_type\":\"previous\\\/next\",\"text_align\":\"center\"}}]},{\"type\":\"column\",\"props\":{\"image_position\":\"center-center\",\"position_sticky\":\"column\",\"position_sticky_breakpoint\":\"m\",\"position_sticky_offset\":\"60\",\"width_medium\":\"1-4\"},\"children\":[{\"type\":\"panel\",\"props\":{\"content\":\"\n\n<ul class=\\\"uk-list uk-link-text\\\">\\n  \n\n<li><a href=\\\"https:\\\/\\\/www.linkedin.com\\\/in\\\/andre-sella-407a96249\\\/\\\" target=\\u201d_blank\\u201d><span uk-icon=\\\"icon: linkedin\\\" class=\\\"uk-margin-small-right\\\"><\\\/span>Linkedin<\\\/a><\\\/li>\\n  \n\n<li><a href=\\\"https:\\\/\\\/www.facebook.com\\\/sellaandre.psiholog\\\" target=\\u201d_blank\\u201d><span uk-icon=\\\"icon: facebook\\\" class=\\\"uk-margin-small-right\\\"><\\\/span>Facebook<\\\/a><\\\/li>\\n  \n\n<li><a href=\\\"https:\\\/\\\/www.instagram.com\\\/\\\" target=\\u201d_blank\\u201d ><span uk-icon=\\\"icon: instagram\\\" class=\\\"uk-margin-small-right\\\"><\\\/span>Instagram<\\\/a><\\\/li>\\n<\\\/ul>\",\"content_column_breakpoint\":\"m\",\"icon_width\":80,\"image\":\"wp-content\\\/uploads\\\/2023\\\/07\\\/sella-andre-01.jpg\",\"image_align\":\"left\",\"image_alt\":\"Cabinet de Psihologie Oradea Sella Andre\",\"image_box_decoration\":\"mask\",\"image_focal_point\":\"top-center\",\"image_grid_breakpoint\":\"\",\"image_grid_column_gap\":\"small\",\"image_grid_width\":\"1-2\",\"image_svg_color\":\"emphasis\",\"image_vertical_align\":false,\"image_width\":\"220\",\"link_style\":\"default\",\"link_text\":\"Read more\",\"margin\":\"large\",\"maxwidth\":\"large\",\"meta\":\"Psihoterapeut\",\"meta_align\":\"below-title\",\"meta_element\":\"div\",\"meta_margin\":\"remove\",\"meta_style\":\"text-meta\",\"title\":\"Andre SELLA\",\"title_align\":\"top\",\"title_element\":\"div\",\"title_grid_breakpoint\":\"m\",\"title_grid_width\":\"1-2\",\"title_hover_style\":\"reset\",\"title_style\":\"h5\"},\"name\":\"Despre mine -2\"}]}]}],\"name\":\"Post\"}],\"version\":\"4.4.8\",\"yooessentialsVersion\":\"2.2.11\"} --><\/p>\n","protected":false},"excerpt":{"rendered":"<p>Evalu\u0103ri psihologice computerizate \u00cenapoi Evaluarea aptitudinilor cognitiveRa\u021bionament analiticTestul evalueaz\u0103 abilitatea unei persoane de a produce noi informa\u021bii prin combinarea celor existente. Prima parte a testului m\u0103soar\u0103 capacitatea de a descoperi reguli \u015fi de a le utiliza pentru a rezolva probleme (ra\u021bionament inductiv), iar a doua parte m\u0103soar\u0103 capacitatea de a extrage concluzii corecte, pornind de [&hellip;]<\/p>\n","protected":false},"author":2,"featured_media":0,"parent":0,"menu_order":0,"comment_status":"closed","ping_status":"closed","template":"","meta":{"_acf_changed":false,"footnotes":""},"class_list":["post-1100","page","type-page","status-publish","hentry"],"acf":[],"aioseo_notices":[],"jetpack_sharing_enabled":true,"jetpack_likes_enabled":false,"_links":{"self":[{"href":"https:\/\/sellaandre.com\/en\/wp-json\/wp\/v2\/pages\/1100","targetHints":{"allow":["GET"]}}],"collection":[{"href":"https:\/\/sellaandre.com\/en\/wp-json\/wp\/v2\/pages"}],"about":[{"href":"https:\/\/sellaandre.com\/en\/wp-json\/wp\/v2\/types\/page"}],"author":[{"embeddable":true,"href":"https:\/\/sellaandre.com\/en\/wp-json\/wp\/v2\/users\/2"}],"replies":[{"embeddable":true,"href":"https:\/\/sellaandre.com\/en\/wp-json\/wp\/v2\/comments?post=1100"}],"version-history":[{"count":3,"href":"https:\/\/sellaandre.com\/en\/wp-json\/wp\/v2\/pages\/1100\/revisions"}],"predecessor-version":[{"id":1572,"href":"https:\/\/sellaandre.com\/en\/wp-json\/wp\/v2\/pages\/1100\/revisions\/1572"}],"wp:attachment":[{"href":"https:\/\/sellaandre.com\/en\/wp-json\/wp\/v2\/media?parent=1100"}],"curies":[{"name":"wp","href":"https:\/\/api.w.org\/{rel}","templated":true}]}}