{"id":1128,"date":"2023-06-05T18:05:11","date_gmt":"2023-06-05T18:05:11","guid":{"rendered":"https:\/\/sellaandre.com\/?page_id=1128"},"modified":"2024-09-02T15:28:27","modified_gmt":"2024-09-02T15:28:27","slug":"online-psychological-testing","status":"publish","type":"page","link":"https:\/\/sellaandre.com\/en\/testare-psihologica-online\/","title":{"rendered":"Online Psychological Testing"},"content":{"rendered":"<div>(adolescen\u021bi \u0219i adul\u021bi)<\/div>\n<div><a href=\"\/cantact-tarife\/\"><span onclick=\"history.back()\">\u00cenapoi<\/span><br \/>\n<\/a><\/div>\n<div>\n<p><strong>Aptitudini cognitive<\/strong><br \/>Ra\u021bionament analitic<br \/>Transfer analogic<br \/>Inhibi\u021bie cognitiv\u0103<br \/>Memorie de lucru<br \/>Comutarea aten\u021biei<br \/>Vocabular<br \/>\u00cen\u021belegerea textelor<br \/>Sintax\u0103<br \/>Calcul matematic<br \/>Ra\u021bionament matematic<br \/>Imagini mintale \u2013 transform\u0103ri<br \/>Orientare spa\u021bial\u0103<br \/>Generare de imagini<br \/>Constan\u021ba formei<br \/>Perceperea detaliilor<br \/>Analiz\u0103 perceptual\u0103 complex\u0103<br \/>Abilit\u0103\u021bi func\u021bion\u0103re\u0219ti<br \/>Capacitate decizional\u0103<br \/>Timp de reac\u021bie<\/p>\n<p><strong>Personalitate si atitudini<\/strong><br \/>Chestionar de personalitate CP5F<br \/>Chestionar de personalitate FFPI<br \/>Chestionar de personalitate ZKPQ<\/p>\n<p>Chestionar de autonomie personal\u0103<br \/>Chestionarul stilului explicativ<br \/>Chestionar de coping cognitiv-emo\u0163ional<br \/>CERQ<br \/>Scala de abordare strategic\u0103 a copingului<br \/>SACS<br \/>Chestionarul schemelor cognitive YSQ-3<br \/>Profilul distresului emo\u0163ional PDE<br \/>Scala de acceptare necondi\u0163ionat\u0103 a propriei<br \/>persoane USAQ<br \/>Scala de atitudini \u015fi convingeri ABS-II<br \/>Scala de atitudini disfunc\u0163ionale DAS<\/p>\n<p><strong>Valori si interese<\/strong><br \/>Chestionar de evaluare a valorilor<br \/>Chestionar de evaluare a intereselor<\/p>\n<p><strong>Emo\u021bii si comportamente<\/strong><br \/>Chestionarul de screening PDSQ<\/p>\n<p>Inventarul tulbur\u0103rilor de personalitate OMNI-IV<\/p>\n<p>Inventarul tulbur\u0103rilor de comportament<br \/>alimentar EDI-3<br \/>Scalele EMAS \u0219i SAS<br \/>Scalele CASE-SF<\/p>\n<\/div>\n<div>\n<p>        <img decoding=\"async\" src=\"\/wp-content\/uploads\/2023\/07\/sella-andre-01.jpg\" alt=\"Cabinet de Psihologie Oradea Sella Andre\"><\/p>\n<div>Andre SELLA<\/div>\n<p>Psihoterapeut<\/p>\n<div>\n<ul class=\"uk-list uk-link-text\">\n<li><a href=\"https:\/\/www.linkedin.com\/in\/andre-sella-407a96249\/\" target=\u201d_blank\u201d><span uk-icon=\"icon: linkedin\" class=\"uk-margin-small-right\"><\/span>Linkedin<\/a><\/li>\n<li><a href=\"https:\/\/www.facebook.com\/sellaandre.psiholog\" target=\u201d_blank\u201d><span uk-icon=\"icon: facebook\" class=\"uk-margin-small-right\"><\/span>Facebook<\/a><\/li>\n<li><a href=\"https:\/\/www.instagram.com\/\" target=\u201d_blank\u201d ><span uk-icon=\"icon: instagram\" class=\"uk-margin-small-right\"><\/span>Instagram<\/a><\/li>\n<\/ul>\n<\/div>\n<\/div>\n<p><!--more--><br \/>\n<!-- {\"type\":\"layout\",\"children\":[{\"type\":\"section\",\"props\":{\"animation\":\"fade\",\"animation_delay\":\"200\",\"header_transparent\":true,\"header_transparent_text_color\":\"light\",\"image\":\"wp-content\\\/uploads\\\/2023\\\/06\\\/hero-testare-psihologica-online-1920-600.jpg\",\"image_position\":\"top-center\",\"image_size\":\"cover\",\"media_focal_point\":\"top-center\",\"media_overlay\":\"rgba(0, 0, 0, 0.37)\",\"padding\":\"large\",\"style\":\"default\",\"title_breakpoint\":\"xl\",\"title_position\":\"top-left\",\"title_rotation\":\"left\",\"vertical_align\":\"\",\"width\":\"\"},\"children\":[{\"type\":\"row\",\"children\":[{\"type\":\"column\",\"props\":{\"image_position\":\"center-center\",\"position_sticky_breakpoint\":\"m\"},\"children\":[{\"type\":\"headline\",\"props\":{\"block_align\":\"center\",\"margin_remove_bottom\":true,\"maxwidth\":\"xlarge\",\"title_element\":\"h1\",\"title_style\":\"heading-small\"},\"source\":{\"query\":{\"name\":\"pages.singlePage\"},\"props\":{\"content\":{\"filters\":{\"search\":\"\"},\"name\":\"title\"}}}},{\"type\":\"headline\",\"props\":{\"block_align\":\"center\",\"content\":\"(adolescen\\u021bi \\u0219i adul\\u021bi)\",\"margin_remove_top\":true,\"maxwidth\":\"xlarge\",\"text_align\":\"left\",\"title_element\":\"div\",\"title_style\":\"h5\"}}]}]}],\"name\":\"Image\"},{\"type\":\"section\",\"props\":{\"image_position\":\"center-center\",\"padding\":\"xsmall\",\"padding_remove_top\":false,\"style\":\"default\",\"title_breakpoint\":\"xl\",\"title_position\":\"top-left\",\"title_rotation\":\"left\",\"vertical_align\":\"\",\"width\":\"default\"},\"children\":[{\"type\":\"row\",\"props\":{\"column_gap\":\"small\",\"divider\":false,\"layout\":\"1-2,1-2\",\"row_gap\":\"small\"},\"children\":[{\"type\":\"column\",\"props\":{\"image_position\":\"center-center\",\"position_sticky_breakpoint\":\"m\",\"width_default\":\"auto\"},\"children\":[{\"type\":\"headline\",\"props\":{\"content\":\"<span onclick=\\\"history.back()\\\">\\u00cenapoi<\\\/span>\\n\",\"link\":\"cantact-tarife\\\/\",\"link_style\":true,\"title_element\":\"div\",\"title_style\":\"h5\"}}]},{\"type\":\"column\",\"props\":{\"image_position\":\"center-center\",\"position_sticky_breakpoint\":\"m\",\"width_default\":\"expand\"}}]}],\"name\":\"Meta\"},{\"type\":\"section\",\"props\":{\"image_position\":\"center-center\",\"padding\":\"large\",\"padding_remove_top\":true,\"style\":\"default\",\"title_breakpoint\":\"xl\",\"title_position\":\"top-left\",\"title_rotation\":\"left\",\"vertical_align\":\"\",\"width\":\"default\"},\"children\":[{\"type\":\"row\",\"props\":{\"layout\":\"3-4,1-4\",\"margin\":\"large\"},\"children\":[{\"type\":\"column\",\"props\":{\"image_position\":\"center-center\",\"position_sticky\":\"column\",\"position_sticky_breakpoint\":\"m\",\"width_medium\":\"3-4\"},\"children\":[{\"type\":\"divider\",\"props\":{\"divider_element\":\"div\",\"margin\":\"large\"}},{\"type\":\"text\",\"props\":{\"column\":\"1-2\",\"column_breakpoint\":\"m\",\"content\":\"\n\n<p><strong>Aptitudini cognitive<\\\/strong><br \\\/>Ra\\u021bionament analitic<br \\\/>Transfer analogic<br \\\/>Inhibi\\u021bie cognitiv\\u0103<br \\\/>Memorie de lucru<br \\\/>Comutarea aten\\u021biei<br \\\/>Vocabular<br \\\/>\\u00cen\\u021belegerea textelor<br \\\/>Sintax\\u0103<br \\\/>Calcul matematic<br \\\/>Ra\\u021bionament matematic<br \\\/>Imagini mintale \\u2013 transform\\u0103ri<br \\\/>Orientare spa\\u021bial\\u0103<br \\\/>Generare de imagini<br \\\/>Constan\\u021ba formei<br \\\/>Perceperea detaliilor<br \\\/>Analiz\\u0103 perceptual\\u0103 complex\\u0103<br \\\/>Abilit\\u0103\\u021bi func\\u021bion\\u0103re\\u0219ti<br \\\/>Capacitate decizional\\u0103<br \\\/>Timp de reac\\u021bie<\\\/p>\\n\n\n<p><strong>Personalitate si atitudini<\\\/strong><br \\\/>Chestionar de personalitate CP5F<br \\\/>Chestionar de personalitate FFPI<br \\\/>Chestionar de personalitate ZKPQ<\\\/p>\\n\n\n<p>Chestionar de autonomie personal\\u0103<br \\\/>Chestionarul stilului explicativ<br \\\/>Chestionar de coping cognitiv-emo\\u0163ional<br \\\/>CERQ<br \\\/>Scala de abordare strategic\\u0103 a copingului<br \\\/>SACS<br \\\/>Chestionarul schemelor cognitive YSQ-3<br \\\/>Profilul distresului emo\\u0163ional PDE<br \\\/>Scala de acceptare necondi\\u0163ionat\\u0103 a propriei<br \\\/>persoane USAQ<br \\\/>Scala de atitudini \\u015fi convingeri ABS-II<br \\\/>Scala de atitudini disfunc\\u0163ionale DAS<\\\/p>\\n\n\n<p><strong>Valori si interese<\\\/strong><br \\\/>Chestionar de evaluare a valorilor<br \\\/>Chestionar de evaluare a intereselor<\\\/p>\\n\n\n<p><strong>Emo\\u021bii si comportamente<\\\/strong><br \\\/>Chestionarul de screening PDSQ<\\\/p>\\n\n\n<p>Inventarul tulbur\\u0103rilor de personalitate OMNI-IV<\\\/p>\\n\n\n<p>Inventarul tulbur\\u0103rilor de comportament<br \\\/>alimentar EDI-3<br \\\/>Scalele EMAS \\u0219i SAS<br \\\/>Scalele CASE-SF<\\\/p>\",\"margin\":\"medium\"}},{\"type\":\"pagination\",\"props\":{\"margin\":\"large\",\"pagination_space_between\":true,\"pagination_type\":\"previous\\\/next\",\"text_align\":\"center\"}}]},{\"type\":\"column\",\"props\":{\"image_position\":\"center-center\",\"position_sticky\":\"column\",\"position_sticky_breakpoint\":\"m\",\"position_sticky_offset\":\"60\",\"width_medium\":\"1-4\"},\"children\":[{\"type\":\"panel\",\"props\":{\"content\":\"\n\n<ul class=\\\"uk-list uk-link-text\\\">\\n  \n\n<li><a href=\\\"https:\\\/\\\/www.linkedin.com\\\/in\\\/andre-sella-407a96249\\\/\\\" target=\\u201d_blank\\u201d><span uk-icon=\\\"icon: linkedin\\\" class=\\\"uk-margin-small-right\\\"><\\\/span>Linkedin<\\\/a><\\\/li>\\n  \n\n<li><a href=\\\"https:\\\/\\\/www.facebook.com\\\/sellaandre.psiholog\\\" target=\\u201d_blank\\u201d><span uk-icon=\\\"icon: facebook\\\" class=\\\"uk-margin-small-right\\\"><\\\/span>Facebook<\\\/a><\\\/li>\\n  \n\n<li><a href=\\\"https:\\\/\\\/www.instagram.com\\\/\\\" target=\\u201d_blank\\u201d ><span uk-icon=\\\"icon: instagram\\\" class=\\\"uk-margin-small-right\\\"><\\\/span>Instagram<\\\/a><\\\/li>\\n<\\\/ul>\",\"content_column_breakpoint\":\"m\",\"icon_width\":80,\"image\":\"wp-content\\\/uploads\\\/2023\\\/07\\\/sella-andre-01.jpg\",\"image_align\":\"left\",\"image_alt\":\"Cabinet de Psihologie Oradea Sella Andre\",\"image_box_decoration\":\"mask\",\"image_focal_point\":\"top-center\",\"image_grid_breakpoint\":\"\",\"image_grid_column_gap\":\"small\",\"image_grid_width\":\"1-2\",\"image_svg_color\":\"emphasis\",\"image_vertical_align\":false,\"image_width\":\"220\",\"link_style\":\"default\",\"link_text\":\"Read more\",\"margin\":\"large\",\"maxwidth\":\"large\",\"meta\":\"Psihoterapeut\",\"meta_align\":\"below-title\",\"meta_element\":\"div\",\"meta_margin\":\"remove\",\"meta_style\":\"text-meta\",\"title\":\"Andre SELLA\",\"title_align\":\"top\",\"title_element\":\"div\",\"title_grid_breakpoint\":\"m\",\"title_grid_width\":\"1-2\",\"title_hover_style\":\"reset\",\"title_style\":\"h5\"},\"name\":\"Despre mine -3\"}]}]}],\"name\":\"Post\"}],\"version\":\"4.4.8\",\"yooessentialsVersion\":\"2.2.11\"} --><\/p>\n","protected":false},"excerpt":{"rendered":"<p>(adolescen\u021bi \u0219i adul\u021bi) \u00cenapoi Aptitudini cognitiveRa\u021bionament analiticTransfer analogicInhibi\u021bie cognitiv\u0103Memorie de lucruComutarea aten\u021bieiVocabular\u00cen\u021belegerea textelorSintax\u0103Calcul matematicRa\u021bionament matematicImagini mintale \u2013 transform\u0103riOrientare spa\u021bial\u0103Generare de imaginiConstan\u021ba formeiPerceperea detaliilorAnaliz\u0103 perceptual\u0103 complex\u0103Abilit\u0103\u021bi func\u021bion\u0103re\u0219tiCapacitate decizional\u0103Timp de reac\u021bie Personalitate si atitudiniChestionar de personalitate CP5FChestionar de personalitate FFPIChestionar de personalitate ZKPQ Chestionar de autonomie personal\u0103Chestionarul stilului explicativChestionar de coping cognitiv-emo\u0163ionalCERQScala de abordare strategic\u0103 a copinguluiSACSChestionarul [&hellip;]<\/p>\n","protected":false},"author":2,"featured_media":0,"parent":0,"menu_order":0,"comment_status":"closed","ping_status":"closed","template":"","meta":{"_acf_changed":false,"footnotes":""},"class_list":["post-1128","page","type-page","status-publish","hentry"],"acf":[],"aioseo_notices":[],"jetpack_sharing_enabled":true,"jetpack_likes_enabled":false,"_links":{"self":[{"href":"https:\/\/sellaandre.com\/en\/wp-json\/wp\/v2\/pages\/1128","targetHints":{"allow":["GET"]}}],"collection":[{"href":"https:\/\/sellaandre.com\/en\/wp-json\/wp\/v2\/pages"}],"about":[{"href":"https:\/\/sellaandre.com\/en\/wp-json\/wp\/v2\/types\/page"}],"author":[{"embeddable":true,"href":"https:\/\/sellaandre.com\/en\/wp-json\/wp\/v2\/users\/2"}],"replies":[{"embeddable":true,"href":"https:\/\/sellaandre.com\/en\/wp-json\/wp\/v2\/comments?post=1128"}],"version-history":[{"count":3,"href":"https:\/\/sellaandre.com\/en\/wp-json\/wp\/v2\/pages\/1128\/revisions"}],"predecessor-version":[{"id":1575,"href":"https:\/\/sellaandre.com\/en\/wp-json\/wp\/v2\/pages\/1128\/revisions\/1575"}],"wp:attachment":[{"href":"https:\/\/sellaandre.com\/en\/wp-json\/wp\/v2\/media?parent=1128"}],"curies":[{"name":"wp","href":"https:\/\/api.w.org\/{rel}","templated":true}]}}