{"id":1534,"date":"2024-03-08T10:55:29","date_gmt":"2024-03-08T10:55:29","guid":{"rendered":"https:\/\/sellaandre.com\/?page_id=1534"},"modified":"2024-03-08T11:06:07","modified_gmt":"2024-03-08T11:06:07","slug":"single-session-therapy-sst","status":"publish","type":"page","link":"https:\/\/sellaandre.com\/en\/terapia-de-o-singura-sedinta-sst\/","title":{"rendered":"Single Session Therapy (SST)"},"content":{"rendered":"<div>poate fi util\u0103 ca si preven\u021bie. <\/div>\n<div><a href=\"\/cantact-tarife\/\"><span onclick=\"history.back()\">\u00cenapoi<\/span><br \/>\n<\/a><\/div>\n<div>Terapia de o singur\u0103 \u0219edin\u021b\u0103 (SST) este o form\u0103 de terapie care \u00ee\u0219i propune s\u0103 ajute clientul \u00eentr-o singur\u0103 \u0219edin\u021b\u0103, \u0219tiind c\u0103 mai este disponibil\u0103 ajutor dac\u0103 este nevoie. Se bazeaz\u0103 pe ideea c\u0103 multe probleme pot fi rezolvate sau \u00eembun\u0103t\u0103\u021bite \u00eentr-un timp scurt, cu o abordare concentrat\u0103 \u0219i colaborativ\u0103. SST poate fi util\u0103 pentru clien\u021bii care au preocup\u0103ri specifice, care prefer\u0103 o interven\u021bie scurt\u0103 sau care au acces limitat la terapie regulat\u0103. Motiva\u021bia pentru schimbare este cea mai mare la prima \u0219edin\u021b\u0103 de terapie, dup\u0103 care scade treptat.<\/p>\n<p>Unele dintre beneficiile SST sunt c\u0103 poate reduce timpul de a\u0219teptare, poate cre\u0219te satisfac\u021bia clien\u021bilor \u0219i poate promova stima de sine. SST nu este un model specific de terapie, ci mai degrab\u0103 o modalitate de a g\u00e2ndi \u0219i de a practica terapia care poate fi aplicat\u0103 la diferite abord\u0103ri.<\/p>\n<p>Terapia de o singur\u0103 \u0219edin\u021b\u0103 SST, poate fi util\u0103 ca si preven\u021bie. A\u0219a cum mergem o data pe an la stomatolog, sau ne facem o dat\u0103 pe an analizale de s\u00e2nge, ar fi util\u0103 \u0219i o sedint\u0103 de terapie pe an in mod preventiv, s\u0103 nu a\u0219tept\u0103m p\u00e2n\u0103 problema sau starea devine critic\u0103, ci s\u0103 prevenim apari\u021bia sau \u00eenr\u0103ut\u0103\u021birea acestora. <\/p><\/div>\n<p><img decoding=\"async\" src=\"\/wp-content\/uploads\/2024\/03\/logo-single-session-therapy-01.png\" alt=\"Cabinet Psihologie Oradea\"><\/p>\n<div>\n<p>        <img decoding=\"async\" src=\"\/wp-content\/uploads\/2023\/07\/sella-andre-01.jpg\" alt=\"Cabinet de Psihologie Oradea Sella Andre\"><\/p>\n<div>Andre SELLA<\/div>\n<p>Psihoterapeut<\/p>\n<div>\n<ul class=\"uk-list uk-link-text\">\n<li><a href=\"https:\/\/www.linkedin.com\/in\/andre-sella-407a96249\/\" target=\u201d_blank\u201d><span uk-icon=\"icon: linkedin\" class=\"uk-margin-small-right\"><\/span>Linkedin<\/a><\/li>\n<li><a href=\"https:\/\/www.facebook.com\/psyche.logos.311\" target=\u201d_blank\u201d><span uk-icon=\"icon: facebook\" class=\"uk-margin-small-right\"><\/span>Facebook<\/a><\/li>\n<li><a href=\"https:\/\/www.instagram.com\/\" target=\u201d_blank\u201d ><span uk-icon=\"icon: instagram\" class=\"uk-margin-small-right\"><\/span>Instagram<\/a><\/li>\n<\/ul>\n<\/div>\n<\/div>\n<p><!--more--><br \/>\n<!-- {\"type\":\"layout\",\"children\":[{\"type\":\"section\",\"props\":{\"animation\":\"fade\",\"animation_delay\":\"200\",\"header_transparent\":true,\"header_transparent_text_color\":\"light\",\"image\":\"wp-content\\\/uploads\\\/2024\\\/03\\\/hero-030824-01.jpg\",\"image_position\":\"top-center\",\"image_size\":\"cover\",\"media_focal_point\":\"top-center\",\"media_overlay\":\"rgba(0, 0, 0, 0.37)\",\"padding\":\"large\",\"style\":\"default\",\"title_breakpoint\":\"xl\",\"title_position\":\"top-left\",\"title_rotation\":\"left\",\"vertical_align\":\"middle\",\"width\":\"\"},\"children\":[{\"type\":\"row\",\"children\":[{\"type\":\"column\",\"props\":{\"image_position\":\"center-center\",\"position_sticky_breakpoint\":\"m\"},\"children\":[{\"type\":\"headline\",\"props\":{\"block_align\":\"center\",\"margin_remove_bottom\":true,\"maxwidth\":\"2xlarge\",\"title_element\":\"h1\"},\"source\":{\"query\":{\"name\":\"pages.singlePage\"},\"props\":{\"content\":{\"filters\":{\"search\":\"\"},\"name\":\"title\"}}}},{\"type\":\"headline\",\"props\":{\"block_align\":\"center\",\"content\":\"poate fi util\\u0103 ca si preven\\u021bie. \",\"margin_remove_top\":true,\"maxwidth\":\"2xlarge\",\"text_align\":\"left\",\"title_element\":\"div\",\"title_style\":\"h5\"}}]}]}],\"name\":\"Image\"},{\"type\":\"section\",\"props\":{\"image_position\":\"center-center\",\"padding\":\"xsmall\",\"padding_remove_top\":false,\"style\":\"default\",\"title_breakpoint\":\"xl\",\"title_position\":\"top-left\",\"title_rotation\":\"left\",\"vertical_align\":\"middle\",\"width\":\"default\"},\"children\":[{\"type\":\"row\",\"props\":{\"column_gap\":\"small\",\"divider\":false,\"layout\":\"1-2,1-2\",\"row_gap\":\"small\"},\"children\":[{\"type\":\"column\",\"props\":{\"image_position\":\"center-center\",\"position_sticky_breakpoint\":\"m\",\"width_default\":\"auto\"},\"children\":[{\"type\":\"headline\",\"props\":{\"content\":\"<span onclick=\\\"history.back()\\\">\\u00cenapoi<\\\/span>\\n\",\"link\":\"cantact-tarife\\\/\",\"link_style\":true,\"title_element\":\"div\",\"title_style\":\"h5\"}}]},{\"type\":\"column\",\"props\":{\"image_position\":\"center-center\",\"position_sticky_breakpoint\":\"m\",\"width_default\":\"expand\"}}]}],\"name\":\"Meta\"},{\"type\":\"section\",\"props\":{\"image_position\":\"center-center\",\"padding\":\"large\",\"padding_remove_top\":true,\"style\":\"default\",\"title_breakpoint\":\"xl\",\"title_position\":\"top-left\",\"title_rotation\":\"left\",\"vertical_align\":\"middle\",\"width\":\"default\"},\"children\":[{\"type\":\"row\",\"props\":{\"layout\":\"3-4,1-4\",\"margin\":\"large\"},\"children\":[{\"type\":\"column\",\"props\":{\"image_position\":\"center-center\",\"position_sticky\":\"column\",\"position_sticky_breakpoint\":\"m\",\"width_medium\":\"3-4\"},\"children\":[{\"type\":\"divider\",\"props\":{\"divider_element\":\"div\",\"margin\":\"large\"}},{\"type\":\"text\",\"props\":{\"column_breakpoint\":\"m\",\"content\":\"Terapia de o singur\\u0103 \\u0219edin\\u021b\\u0103 (SST) este o form\\u0103 de terapie care \\u00ee\\u0219i propune s\\u0103 ajute clientul \\u00eentr-o singur\\u0103 \\u0219edin\\u021b\\u0103, \\u0219tiind c\\u0103 mai este disponibil\\u0103 ajutor dac\\u0103 este nevoie. Se bazeaz\\u0103 pe ideea c\\u0103 multe probleme pot fi rezolvate sau \\u00eembun\\u0103t\\u0103\\u021bite \\u00eentr-un timp scurt, cu o abordare concentrat\\u0103 \\u0219i colaborativ\\u0103. SST poate fi util\\u0103 pentru clien\\u021bii care au preocup\\u0103ri specifice, care prefer\\u0103 o interven\\u021bie scurt\\u0103 sau care au acces limitat la terapie regulat\\u0103. Motiva\\u021bia pentru schimbare este cea mai mare la prima \\u0219edin\\u021b\\u0103 de terapie, dup\\u0103 care scade treptat.\n\n\\nUnele dintre beneficiile SST sunt c\\u0103 poate reduce timpul de a\\u0219teptare, poate cre\\u0219te satisfac\\u021bia clien\\u021bilor \\u0219i poate promova stima de sine. SST nu este un model specific de terapie, ci mai degrab\\u0103 o modalitate de a g\\u00e2ndi \\u0219i de a practica terapia care poate fi aplicat\\u0103 la diferite abord\\u0103ri.\\n\n\n\\nTerapia de o singur\\u0103 \\u0219edin\\u021b\\u0103 SST, poate fi util\\u0103 ca si preven\\u021bie. A\\u0219a cum mergem o data pe an la stomatolog, sau ne facem o dat\\u0103 pe an analizale de s\\u00e2nge, ar fi util\\u0103 \\u0219i o sedint\\u0103 de terapie pe an in mod preventiv, s\\u0103 nu a\\u0219tept\\u0103m p\\u00e2n\\u0103 problema sau starea devine critic\\u0103, ci s\\u0103 prevenim apari\\u021bia sau \\u00eenr\\u0103ut\\u0103\\u021birea acestora. \",\"margin\":\"medium\"}},{\"type\":\"image\",\"props\":{\"image\":\"wp-content\\\/uploads\\\/2024\\\/03\\\/logo-single-session-therapy-01.png\",\"image_alt\":\"Cabinet Psihologie Oradea\",\"image_svg_color\":\"emphasis\",\"margin\":\"default\"}},{\"type\":\"pagination\",\"props\":{\"margin\":\"large\",\"pagination_space_between\":true,\"pagination_type\":\"previous\\\/next\",\"text_align\":\"center\"}}]},{\"type\":\"column\",\"props\":{\"image_position\":\"center-center\",\"position_sticky\":\"column\",\"position_sticky_breakpoint\":\"m\",\"position_sticky_offset\":\"60\",\"width_medium\":\"1-4\"},\"children\":[{\"type\":\"panel\",\"props\":{\"content\":\"\n\n<ul class=\\\"uk-list uk-link-text\\\">\\n  \n\n<li><a href=\\\"https:\\\/\\\/www.linkedin.com\\\/in\\\/andre-sella-407a96249\\\/\\\" target=\\u201d_blank\\u201d><span uk-icon=\\\"icon: linkedin\\\" class=\\\"uk-margin-small-right\\\"><\\\/span>Linkedin<\\\/a><\\\/li>\\n  \n\n<li><a href=\\\"https:\\\/\\\/www.facebook.com\\\/psyche.logos.311\\\" target=\\u201d_blank\\u201d><span uk-icon=\\\"icon: facebook\\\" class=\\\"uk-margin-small-right\\\"><\\\/span>Facebook<\\\/a><\\\/li>\\n  \n\n<li><a href=\\\"https:\\\/\\\/www.instagram.com\\\/\\\" target=\\u201d_blank\\u201d ><span uk-icon=\\\"icon: instagram\\\" class=\\\"uk-margin-small-right\\\"><\\\/span>Instagram<\\\/a><\\\/li>\\n<\\\/ul>\",\"content_column_breakpoint\":\"m\",\"icon_width\":80,\"image\":\"wp-content\\\/uploads\\\/2023\\\/07\\\/sella-andre-01.jpg\",\"image_align\":\"left\",\"image_alt\":\"Cabinet de Psihologie Oradea Sella Andre\",\"image_box_decoration\":\"mask\",\"image_focal_point\":\"top-center\",\"image_grid_breakpoint\":\"\",\"image_grid_column_gap\":\"small\",\"image_grid_width\":\"1-2\",\"image_svg_color\":\"emphasis\",\"image_vertical_align\":false,\"image_width\":\"220\",\"link_style\":\"default\",\"link_text\":\"Read more\",\"margin\":\"large\",\"maxwidth\":\"large\",\"meta\":\"Psihoterapeut\",\"meta_align\":\"below-title\",\"meta_element\":\"div\",\"meta_margin\":\"remove\",\"meta_style\":\"text-meta\",\"title\":\"Andre SELLA\",\"title_align\":\"top\",\"title_element\":\"div\",\"title_grid_breakpoint\":\"m\",\"title_grid_width\":\"1-2\",\"title_hover_style\":\"reset\",\"title_style\":\"h5\"},\"name\":\"Despre mine -3\"}]}]}],\"name\":\"Post\"}],\"version\":\"4.3.6\",\"yooessentialsVersion\":\"2.2.6\"} --><\/p>\n","protected":false},"excerpt":{"rendered":"<p>poate fi util\u0103 ca si preven\u021bie. \u00cenapoi Terapia de o singur\u0103 \u0219edin\u021b\u0103 (SST) este o form\u0103 de terapie care \u00ee\u0219i propune s\u0103 ajute clientul \u00eentr-o singur\u0103 \u0219edin\u021b\u0103, \u0219tiind c\u0103 mai este disponibil\u0103 ajutor dac\u0103 este nevoie. Se bazeaz\u0103 pe ideea c\u0103 multe probleme pot fi rezolvate sau \u00eembun\u0103t\u0103\u021bite \u00eentr-un timp scurt, cu o abordare concentrat\u0103 [&hellip;]<\/p>\n","protected":false},"author":2,"featured_media":0,"parent":0,"menu_order":0,"comment_status":"closed","ping_status":"closed","template":"","meta":{"_acf_changed":false,"footnotes":""},"class_list":["post-1534","page","type-page","status-publish","hentry"],"acf":[],"aioseo_notices":[],"jetpack_sharing_enabled":true,"jetpack_likes_enabled":false,"_links":{"self":[{"href":"https:\/\/sellaandre.com\/en\/wp-json\/wp\/v2\/pages\/1534","targetHints":{"allow":["GET"]}}],"collection":[{"href":"https:\/\/sellaandre.com\/en\/wp-json\/wp\/v2\/pages"}],"about":[{"href":"https:\/\/sellaandre.com\/en\/wp-json\/wp\/v2\/types\/page"}],"author":[{"embeddable":true,"href":"https:\/\/sellaandre.com\/en\/wp-json\/wp\/v2\/users\/2"}],"replies":[{"embeddable":true,"href":"https:\/\/sellaandre.com\/en\/wp-json\/wp\/v2\/comments?post=1534"}],"version-history":[{"count":3,"href":"https:\/\/sellaandre.com\/en\/wp-json\/wp\/v2\/pages\/1534\/revisions"}],"predecessor-version":[{"id":1539,"href":"https:\/\/sellaandre.com\/en\/wp-json\/wp\/v2\/pages\/1534\/revisions\/1539"}],"wp:attachment":[{"href":"https:\/\/sellaandre.com\/en\/wp-json\/wp\/v2\/media?parent=1534"}],"curies":[{"name":"wp","href":"https:\/\/api.w.org\/{rel}","templated":true}]}}