{"id":1713,"date":"2024-11-13T18:17:58","date_gmt":"2024-11-13T16:17:58","guid":{"rendered":"https:\/\/sellaandre.com\/?page_id=1713"},"modified":"2024-11-14T17:24:24","modified_gmt":"2024-11-14T15:24:24","slug":"certified","status":"publish","type":"page","link":"https:\/\/sellaandre.com\/en\/certificate\/","title":{"rendered":"certified"},"content":{"rendered":"<div>\n<p>\u00cen aceast\u0103 sec\u021biune, ve\u021bi descoperi certific\u0103rile \u0219i atest\u0103rile mele profesionale, care v\u0103 ofer\u0103 o garan\u021bie a preg\u0103tirii mele de \u00eenalt\u0103 calitate. Fiecare calificare pe care am ob\u021binut-o confirm\u0103 angajamentul meu fa\u021b\u0103 de excelen\u021ba profesional\u0103 \u0219i dorin\u021ba sincer\u0103 de a aduce un impact pozitiv \u00een via\u021ba celor care \u00eemi solicit\u0103 sprijinul.<\/p>\n<\/div>\n<table>\n<tbody>\n<tr>\n<td>\n        <img decoding=\"async\" src=\"\/wp-content\/uploads\/icon-xs-file-text.svg\" alt=\"\">\n    <\/td>\n<td>Atestat de liber\u0103 practic\u0103 nr. 1817 din 10.09.2019 &#8211; Colegiul Psihologilor din Rom\u00e2nia<\/td>\n<td>01<\/td>\n<td>\n        <a href=\"\/wp-content\/uploads\/2024\/11\/atestat-de-libera-practica.pdf\">Vezi certificat<\/a>\n    <\/td>\n<\/tr>\n<tr>\n<td>\n        <img decoding=\"async\" src=\"\/wp-content\/uploads\/icon-xs-file-text.svg\" alt=\"\">\n    <\/td>\n<td>Atestat de liber\u0103 practic\u0103 nr. 8900 din 21.12.2021 &#8211; Colegiul Psihologilor din Rom\u00e2nia<\/td>\n<td>02<\/td>\n<td>\n        <a href=\"\/wp-content\/uploads\/2024\/11\/atestat-psihoterapie.pdf\">Vezi certificat<\/a>\n    <\/td>\n<\/tr>\n<tr>\n<td>\n        <img decoding=\"async\" src=\"\/wp-content\/uploads\/icon-xs-file-text.svg\" alt=\"\">\n    <\/td>\n<td>BECK Cognitive Behaivior Therapy 30.10.2019 &#8211; the Beck Approach<\/td>\n<td>03<\/td>\n<td>\n        <a href=\"\/wp-content\/uploads\/2024\/11\/BECK-Essentials-of-CBT.pdf\">Vezi certificat<\/a>\n    <\/td>\n<\/tr>\n<tr>\n<td>\n        <img decoding=\"async\" src=\"\/wp-content\/uploads\/icon-xs-file-text.svg\" alt=\"\">\n    <\/td>\n<td>BECK Cognitive Behaivior Therapy 16.01.2020 &#8211; CBT for depression<\/td>\n<td>04<\/td>\n<td>\n        <a href=\"\/wp-content\/uploads\/2024\/11\/BECK-CBT-for-depression.pdf\">Vezi certificat<\/a>\n    <\/td>\n<\/tr>\n<tr>\n<td>\n        <img decoding=\"async\" src=\"\/wp-content\/uploads\/icon-xs-file-text.svg\" alt=\"\">\n    <\/td>\n<td>BECK Cognitive Behaivior Therapy 07.07.2020 &#8211; CBT for anxiety<\/td>\n<td>05<\/td>\n<td>\n        <a href=\"\/wp-content\/uploads\/2024\/11\/CBT-for-anxiety.pdf\">Vezi certificat<\/a>\n    <\/td>\n<\/tr>\n<tr>\n<td>\n        <img decoding=\"async\" src=\"\/wp-content\/uploads\/icon-xs-file-text.svg\" alt=\"\">\n    <\/td>\n<td>BECK Cognitive Behaivior Therapy 25.11.2020 &#8211; CBT for personality disorders<\/td>\n<td>06<\/td>\n<td>\n        <a href=\"\/wp-content\/uploads\/2024\/11\/CBT-Personality-Disorders.pdf\">Vezi certificat<\/a>\n    <\/td>\n<\/tr>\n<tr>\n<td>\n        <img decoding=\"async\" src=\"\/wp-content\/uploads\/icon-xs-file-text.svg\" alt=\"\">\n    <\/td>\n<td>Certificat de \u00eenregistrare nr. 57 din 06.02.2020 &#8211; Colegiul psihologilor din Rom\u00e2nia<\/td>\n<td>07<\/td>\n<td>\n        <a href=\"\/wp-content\/uploads\/2024\/11\/certificat-de-inregistrare.pdf\">Vezi certificat<\/a>\n    <\/td>\n<\/tr>\n<tr>\n<td>\n        <img decoding=\"async\" src=\"\/wp-content\/uploads\/icon-xs-file-text.svg\" alt=\"\">\n    <\/td>\n<td>Certificat de licen\u021b\u0103 nr. 81 din 25.03.2022 &#8211; Platforma TPO<\/td>\n<td>08<\/td>\n<td>\n        <a href=\"\/wp-content\/uploads\/2024\/11\/certificat-de-licenta.pdf\">Vezi certificat<\/a>\n    <\/td>\n<\/tr>\n<tr>\n<td>\n        <img decoding=\"async\" src=\"\/wp-content\/uploads\/icon-xs-file-text.svg\" alt=\"\">\n    <\/td>\n<td>Certificat nr. 823148 din 24.10.2022 &#8211; As. de Consiliere \u0219i Psihoterapie din Rom\u00e2nia<\/td>\n<td>09<\/td>\n<td>\n        <a href=\"\/wp-content\/uploads\/2024\/11\/Diploma_ACPOR_Paxonline_24credite.pdf\">Vezi certificat<\/a>\n    <\/td>\n<\/tr>\n<tr>\n<td>\n        <img decoding=\"async\" src=\"\/wp-content\/uploads\/icon-xs-file-text.svg\" alt=\"\">\n    <\/td>\n<td>Certificate of Training Micro Expressions  din 19.07.2018 &#8211; Paul Ekman Group, LLC<\/td>\n<td>10<\/td>\n<td>\n        <a href=\"\/wp-content\/uploads\/2024\/11\/paulekman-certificate-98164.pdf\">Vezi certificat<\/a>\n    <\/td>\n<\/tr>\n<tr>\n<td>\n        <img decoding=\"async\" src=\"\/wp-content\/uploads\/icon-xs-file-text.svg\" alt=\"\">\n    <\/td>\n<td>Certificate of Training Subtle Expressions din 25.10.2018 &#8211; Paul Ekman Group, LLC<\/td>\n<td>11<\/td>\n<td>\n        <a href=\"\/wp-content\/uploads\/2024\/11\/paulekman-certificate-100400.pdf\">Vezi certificat<\/a>\n    <\/td>\n<\/tr>\n<tr>\n<td>\n        <img decoding=\"async\" src=\"\/wp-content\/uploads\/icon-xs-file-text.svg\" alt=\"\">\n    <\/td>\n<td>Certificate of Training Family din 13.05.2019 &#8211; Paul Ekman Group, LLC<\/td>\n<td>12<\/td>\n<td>\n        <a href=\"\/wp-content\/uploads\/2024\/11\/paulekman-certificate-105497.pdf\">Vezi certificat<\/a>\n    <\/td>\n<\/tr>\n<tr>\n<td>\n        <img decoding=\"async\" src=\"\/wp-content\/uploads\/icon-xs-file-text.svg\" alt=\"\">\n    <\/td>\n<td>Diplom\u0103 curs &#8222;Managementul Furiei&#8221; din 04.09.2022 &#8211; As. Catharis<\/td>\n<td>13<\/td>\n<td>\n        <a href=\"\/wp-content\/uploads\/2024\/11\/SCD-934-Asociatia-Catharsis.pdf\">Vezi certificat<\/a>\n    <\/td>\n<\/tr>\n<tr>\n<td>\n        <img decoding=\"async\" src=\"\/wp-content\/uploads\/icon-xs-file-text.svg\" alt=\"\">\n    <\/td>\n<td>Atestat de liber\u0103 practic\u0103 nr. 244 din 16.02.2023 &#8211; Colegiul Psihologilor din Rom\u00e2nia<\/td>\n<td>14<\/td>\n<td>\n        <a href=\"\/wp-content\/uploads\/2024\/11\/Sella-Andre-clinica-autonom.pdf\">Vezi certificat<\/a>\n    <\/td>\n<\/tr>\n<\/tbody>\n<\/table>\n<hr>\n<p>\n    <a href=\"https:\/\/g.page\/r\/CaNno3FaqEFjEAI\/review\">Recenzii Google <\/a>\n<\/p>\n<div>\n<p><a href=\"https:\/\/g.page\/r\/CSu0cqByNzF0EBM\/review\">Adaug\u0103 o recenzie<\/a><\/p>\n<\/div>\n<p><!--more--><br \/>\n<!-- {\"type\":\"layout\",\"children\":[{\"name\":\"Gallery\",\"type\":\"section\",\"props\":{\"animation\":\"fade\",\"image_position\":\"center-center\",\"style\":\"default\",\"title_breakpoint\":\"xl\",\"title_position\":\"top-left\",\"title_rotation\":\"left\",\"vertical_align\":\"\",\"width\":\"default\"},\"children\":[{\"type\":\"row\",\"children\":[{\"type\":\"column\",\"props\":{\"image_position\":\"center-center\",\"position_sticky_breakpoint\":\"m\",\"width_medium\":\"1-1\"},\"children\":[{\"type\":\"headline\",\"props\":{\"title_element\":\"h1\",\"title_style\":\"h2\"},\"source\":{\"query\":{\"name\":\"pages.singlePage\"},\"props\":{\"content\":{\"filters\":{\"search\":\"\"},\"name\":\"title\"}}}},{\"type\":\"text\",\"props\":{\"column_breakpoint\":\"m\",\"content\":\"\n\n<p>\\u00cen aceast\\u0103 sec\\u021biune, ve\\u021bi descoperi certific\\u0103rile \\u0219i atest\\u0103rile mele profesionale, care v\\u0103 ofer\\u0103 o garan\\u021bie a preg\\u0103tirii mele de \\u00eenalt\\u0103 calitate. Fiecare calificare pe care am ob\\u021binut-o confirm\\u0103 angajamentul meu fa\\u021b\\u0103 de excelen\\u021ba profesional\\u0103 \\u0219i dorin\\u021ba sincer\\u0103 de a aduce un impact pozitiv \\u00een via\\u021ba celor care \\u00eemi solicit\\u0103 sprijinul.<\\\/p>\",\"margin\":\"default\",\"maxwidth\":\"2xlarge\"}}]}],\"props\":{\"margin\":\"default\"}},{\"type\":\"row\",\"props\":{\"margin\":\"xlarge\",\"margin_remove_top\":true},\"children\":[{\"type\":\"column\",\"props\":{\"image_position\":\"center-center\",\"position_sticky_breakpoint\":\"m\",\"width_medium\":\"1-1\"},\"children\":[{\"type\":\"gallery\",\"props\":{\"content_transition\":\"slide-bottom-small\",\"filter_align\":\"left\",\"filter_all\":true,\"filter_grid_breakpoint\":\"m\",\"filter_grid_width\":\"auto\",\"filter_position\":\"top\",\"filter_style\":\"tab\",\"grid_column_gap\":\"medium\",\"grid_default\":\"1\",\"grid_medium\":\"3\",\"grid_row_gap\":\"medium\",\"grid_small\":\"2\",\"image_width\":\"610\",\"item_animation\":true,\"lightbox\":true,\"link_style\":\"default\",\"link_text\":\"\",\"margin\":\"default\",\"meta_align\":\"below-title\",\"meta_element\":\"div\",\"meta_style\":\"text-meta\",\"overlay_hover\":true,\"overlay_link\":true,\"overlay_margin\":\"small\",\"overlay_mode\":\"cover\",\"overlay_padding\":\"large\",\"overlay_position\":\"center\",\"overlay_style\":\"overlay-default\",\"overlay_transition\":\"fade\",\"parallax_easing\":\"1\",\"show_content\":true,\"show_hover_image\":true,\"show_hover_video\":true,\"show_image2\":true,\"show_link\":true,\"show_meta\":true,\"show_title\":true,\"status\":\"disabled\",\"text_align\":\"center\",\"text_color\":\"\",\"title_decoration\":\"divider\",\"title_element\":\"h2\",\"title_hover_style\":\"reset\",\"title_style\":\"h4\",\"title_transition\":\"slide-top-small\"},\"children\":[{\"type\":\"gallery_item\",\"props\":{\"content\":\"de liber\\u0103 practic\\u0103\",\"image\":\"wp-content\\\/uploads\\\/2024\\\/11\\\/atestat-de-libera-practica.jpg\",\"image_alt\":\"Atestat de liber\\u0103 practic\\u0103 Sella Andre\",\"link\":\"wp-content\\\/uploads\\\/2024\\\/11\\\/atestat-de-libera-practica.jpg\",\"title\":\"Atestat \"}},{\"type\":\"gallery_item\",\"props\":{\"content\":\"Now on our lunch menu\",\"image\":\"wp-content\\\/uploads\\\/gallery-02.jpg\",\"title\":\"Mushroom Risotto\"}},{\"type\":\"gallery_item\",\"props\":{\"content\":\"Make a <a href=\\\"\\\">reservation<\\\/a> now\",\"image\":\"wp-content\\\/uploads\\\/gallery-03.jpg\",\"title\":\"Easter brunch\"}},{\"type\":\"gallery_item\",\"props\":{\"content\":\"Catch-of-the-day goodness\",\"image\":\"wp-content\\\/uploads\\\/gallery-04.jpg\",\"title\":\"Pasta Mare\"}},{\"type\":\"gallery_item\",\"props\":{\"content\":\"Happy cows make better beef\",\"image\":\"wp-content\\\/uploads\\\/gallery-05.jpg\",\"title\":\"Responsible Farming\"}},{\"type\":\"gallery_item\",\"props\":{\"content\":\"Sign up to our <a href=\\\"#\\\">draft beer tasting<\\\/a>\",\"image\":\"wp-content\\\/uploads\\\/gallery-06.jpg\",\"title\":\"Have a pint\"}},{\"type\":\"gallery_item\",\"props\":{\"content\":\"Organic and right from the source\",\"image\":\"wp-content\\\/uploads\\\/gallery-07.jpg\",\"title\":\"Herbal Garden\"}},{\"type\":\"gallery_item\",\"props\":{\"content\":\"Don't forget to ask for the menu\",\"image\":\"wp-content\\\/uploads\\\/gallery-08.jpg\",\"title\":\"Delicious Desserts\"}},{\"type\":\"gallery_item\",\"props\":{\"content\":\"We serve the best Arabica\",\"image\":\"wp-content\\\/uploads\\\/gallery-09.jpg\",\"title\":\"Fine Coffee\"}},{\"type\":\"gallery_item\",\"props\":{\"content\":\"Homemade gelato and biscuit\",\"image\":\"wp-content\\\/uploads\\\/gallery-10.jpg\",\"title\":\"Spring Sundae\"}},{\"type\":\"gallery_item\",\"props\":{\"content\":\"Join our Asado next Sunday\",\"image\":\"wp-content\\\/uploads\\\/gallery-11.jpg\",\"title\":\"Grilled Goods\"}},{\"type\":\"gallery_item\",\"props\":{\"content\":\"Copper House receives its first star\",\"image\":\"wp-content\\\/uploads\\\/gallery-12.jpg\",\"title\":\"Michelin Honor\"}}]},{\"name\":\"Table Size Small Style Default\",\"type\":\"table\",\"children\":[{\"type\":\"table_item\",\"props\":{\"content\":\"\",\"image\":\"wp-content\\\/uploads\\\/icon-xs-file-text.svg\",\"link\":\"wp-content\\\/uploads\\\/2024\\\/11\\\/atestat-de-libera-practica.pdf\",\"meta\":\"01\",\"title\":\"Atestat de liber\\u0103 practic\\u0103 nr. 1817 din 10.09.2019 - Colegiul Psihologilor din Rom\\u00e2nia\"}},{\"type\":\"table_item\",\"props\":{\"content\":\"\",\"image\":\"wp-content\\\/uploads\\\/icon-xs-file-text.svg\",\"link\":\"wp-content\\\/uploads\\\/2024\\\/11\\\/atestat-psihoterapie.pdf\",\"meta\":\"02\",\"title\":\"Atestat de liber\\u0103 practic\\u0103 nr. 8900 din 21.12.2021 - Colegiul Psihologilor din Rom\\u00e2nia\"}},{\"type\":\"table_item\",\"props\":{\"content\":\"\",\"image\":\"wp-content\\\/uploads\\\/icon-xs-file-text.svg\",\"link\":\"wp-content\\\/uploads\\\/2024\\\/11\\\/BECK-Essentials-of-CBT.pdf\",\"meta\":\"03\",\"title\":\"BECK Cognitive Behaivior Therapy 30.10.2019 - the Beck Approach\"}},{\"type\":\"table_item\",\"props\":{\"content\":\"\",\"image\":\"wp-content\\\/uploads\\\/icon-xs-file-text.svg\",\"link\":\"wp-content\\\/uploads\\\/2024\\\/11\\\/BECK-CBT-for-depression.pdf\",\"meta\":\"04\",\"title\":\"BECK Cognitive Behaivior Therapy 16.01.2020 - CBT for depression\"}},{\"type\":\"table_item\",\"props\":{\"content\":\"\",\"image\":\"wp-content\\\/uploads\\\/icon-xs-file-text.svg\",\"link\":\"wp-content\\\/uploads\\\/2024\\\/11\\\/CBT-for-anxiety.pdf\",\"meta\":\"05\",\"title\":\"BECK Cognitive Behaivior Therapy 07.07.2020 - CBT for anxiety\"}},{\"type\":\"table_item\",\"props\":{\"content\":\"\",\"image\":\"wp-content\\\/uploads\\\/icon-xs-file-text.svg\",\"link\":\"wp-content\\\/uploads\\\/2024\\\/11\\\/CBT-Personality-Disorders.pdf\",\"meta\":\"06\",\"title\":\"BECK Cognitive Behaivior Therapy 25.11.2020 - CBT for personality disorders\"}},{\"type\":\"table_item\",\"props\":{\"content\":\"\",\"image\":\"wp-content\\\/uploads\\\/icon-xs-file-text.svg\",\"link\":\"wp-content\\\/uploads\\\/2024\\\/11\\\/certificat-de-inregistrare.pdf\",\"meta\":\"07\",\"title\":\"Certificat de \\u00eenregistrare nr. 57 din 06.02.2020 - Colegiul psihologilor din Rom\\u00e2nia\"}},{\"type\":\"table_item\",\"props\":{\"content\":\"\",\"image\":\"wp-content\\\/uploads\\\/icon-xs-file-text.svg\",\"link\":\"wp-content\\\/uploads\\\/2024\\\/11\\\/certificat-de-licenta.pdf\",\"meta\":\"08\",\"title\":\"Certificat de licen\\u021b\\u0103 nr. 81 din 25.03.2022 - Platforma TPO\"}},{\"type\":\"table_item\",\"props\":{\"content\":\"\",\"image\":\"wp-content\\\/uploads\\\/icon-xs-file-text.svg\",\"link\":\"wp-content\\\/uploads\\\/2024\\\/11\\\/Diploma_ACPOR_Paxonline_24credite.pdf\",\"meta\":\"09\",\"title\":\"Certificat nr. 823148 din 24.10.2022 - As. de Consiliere \\u0219i Psihoterapie din Rom\\u00e2nia\"}},{\"type\":\"table_item\",\"props\":{\"content\":\"\",\"image\":\"wp-content\\\/uploads\\\/icon-xs-file-text.svg\",\"link\":\"wp-content\\\/uploads\\\/2024\\\/11\\\/paulekman-certificate-98164.pdf\",\"meta\":\"10\",\"title\":\"Certificate of Training Micro Expressions  din 19.07.2018 - Paul Ekman Group, LLC\"}},{\"type\":\"table_item\",\"props\":{\"content\":\"\",\"image\":\"wp-content\\\/uploads\\\/icon-xs-file-text.svg\",\"link\":\"wp-content\\\/uploads\\\/2024\\\/11\\\/paulekman-certificate-100400.pdf\",\"meta\":\"11\",\"title\":\"Certificate of Training Subtle Expressions din 25.10.2018 - Paul Ekman Group, LLC\"}},{\"type\":\"table_item\",\"props\":{\"content\":\"\",\"image\":\"wp-content\\\/uploads\\\/icon-xs-file-text.svg\",\"link\":\"wp-content\\\/uploads\\\/2024\\\/11\\\/paulekman-certificate-105497.pdf\",\"meta\":\"12\",\"title\":\"Certificate of Training Family din 13.05.2019 - Paul Ekman Group, LLC\"}},{\"type\":\"table_item\",\"props\":{\"content\":\"\",\"image\":\"wp-content\\\/uploads\\\/icon-xs-file-text.svg\",\"link\":\"wp-content\\\/uploads\\\/2024\\\/11\\\/SCD-934-Asociatia-Catharsis.pdf\",\"meta\":\"13\",\"title\":\"Diplom\\u0103 curs \\\"Managementul Furiei\\\" din 04.09.2022 - As. Catharis\"}},{\"type\":\"table_item\",\"props\":{\"content\":\"\",\"image\":\"wp-content\\\/uploads\\\/icon-xs-file-text.svg\",\"link\":\"wp-content\\\/uploads\\\/2024\\\/11\\\/Sella-Andre-clinica-autonom.pdf\",\"meta\":\"14\",\"title\":\"Atestat de liber\\u0103 practic\\u0103 nr. 244 din 16.02.2023 - Colegiul Psihologilor din Rom\\u00e2nia\"}}],\"props\":{\"image_svg_animate\":true,\"image_svg_color\":\"muted\",\"image_svg_inline\":true,\"link_size\":\"small\",\"link_style\":\"text\",\"link_target\":true,\"link_text\":\"Vezi certificat\",\"meta_style\":\"text-meta\",\"show_content\":true,\"show_image\":true,\"show_link\":true,\"show_meta\":true,\"show_title\":true,\"table_hover\":true,\"table_justify\":false,\"table_last_align\":\"right\",\"table_layout\":\"1\",\"table_order\":\"1\",\"table_responsive\":\"responsive\",\"table_size\":\"small\",\"table_style\":\"divider\",\"table_vertical_align\":true,\"table_width_meta\":\"shrink\",\"table_width_title\":\"\",\"text_align\":\"left\"}}]}]}]},{\"type\":\"section\",\"props\":{\"image_position\":\"center-center\",\"padding\":\"none\",\"style\":\"default\",\"title_breakpoint\":\"xl\",\"title_position\":\"top-left\",\"title_rotation\":\"left\",\"vertical_align\":\"middle\",\"width\":\"default\"},\"children\":[{\"type\":\"row\",\"children\":[{\"type\":\"column\",\"props\":{\"image_position\":\"center-center\",\"position_sticky_breakpoint\":\"m\"},\"children\":[{\"type\":\"divider\",\"props\":{\"divider_element\":\"hr\",\"divider_style\":\"icon\"}}]}]}]},{\"name\":\"Instagram\",\"type\":\"section\",\"props\":{\"animation\":\"fade\",\"image_position\":\"center-center\",\"status\":\"disabled\",\"style\":\"muted\",\"title_breakpoint\":\"xl\",\"title_position\":\"top-left\",\"title_rotation\":\"left\",\"vertical_align\":\"\",\"width\":\"\"},\"children\":[{\"type\":\"row\",\"children\":[{\"type\":\"column\",\"props\":{\"image_position\":\"center-center\",\"position_sticky_breakpoint\":\"m\",\"width_medium\":\"1-1\"},\"children\":[{\"type\":\"icon\",\"props\":{\"icon\":\"instagram\",\"icon_width\":24,\"margin\":\"default\",\"margin_remove_bottom\":false,\"margin_remove_top\":false,\"text_align\":\"center\"}},{\"type\":\"headline\",\"props\":{\"content\":\"Follow us on Instagram\",\"margin_remove_top\":true,\"text_align\":\"center\",\"title_element\":\"h2\",\"title_style\":\"h3\"}},{\"type\":\"gallery\",\"props\":{\"filter_align\":\"left\",\"filter_all\":true,\"filter_grid_breakpoint\":\"m\",\"filter_grid_width\":\"auto\",\"filter_position\":\"top\",\"filter_style\":\"tab\",\"grid_column_gap\":\"small\",\"grid_default\":\"2\",\"grid_large\":\"6\",\"grid_medium\":\"\",\"grid_row_gap\":\"small\",\"grid_small\":\"3\",\"image_transition\":\"scale-up\",\"image_width\":\"420\",\"item_animation\":true,\"link_style\":\"default\",\"link_text\":\"\",\"margin\":\"large\",\"margin_remove_bottom\":false,\"meta_align\":\"below-title\",\"meta_element\":\"div\",\"meta_style\":\"text-meta\",\"overlay_hover\":false,\"overlay_link\":true,\"overlay_mode\":\"cover\",\"overlay_position\":\"center\",\"overlay_style\":\"\",\"overlay_transition\":\"fade\",\"parallax_easing\":\"1\",\"show_content\":true,\"show_hover_image\":true,\"show_hover_video\":true,\"show_image2\":true,\"show_link\":true,\"show_meta\":true,\"show_title\":false,\"text_align\":\"center\",\"text_color\":\"light\",\"title_element\":\"h3\",\"title_hover_style\":\"reset\"},\"children\":[{\"type\":\"gallery_item\",\"props\":{\"content\":\"\",\"image\":\"wp-content\\\/uploads\\\/gallery-instagram-01.jpg\",\"link\":\"#\",\"title\":\"Instagram 01\"}},{\"type\":\"gallery_item\",\"props\":{\"content\":\"\",\"image\":\"wp-content\\\/uploads\\\/gallery-instagram-02.jpg\",\"link\":\"#\",\"title\":\"Instagram 02\"}},{\"type\":\"gallery_item\",\"props\":{\"content\":\"\",\"image\":\"wp-content\\\/uploads\\\/gallery-instagram-03.jpg\",\"link\":\"#\",\"title\":\"Instagram 03\"}},{\"type\":\"gallery_item\",\"props\":{\"content\":\"\",\"image\":\"wp-content\\\/uploads\\\/gallery-instagram-04.jpg\",\"link\":\"#\",\"title\":\"Instagram 04\"}},{\"type\":\"gallery_item\",\"props\":{\"content\":\"\",\"image\":\"wp-content\\\/uploads\\\/gallery-instagram-05.jpg\",\"link\":\"#\",\"title\":\"Instagram 05\"}},{\"type\":\"gallery_item\",\"props\":{\"content\":\"\",\"image\":\"wp-content\\\/uploads\\\/gallery-instagram-06.jpg\",\"link\":\"#\",\"title\":\"Instagram 06\"}}]},{\"type\":\"button\",\"props\":{\"button_size\":\"large\",\"grid_column_gap\":\"small\",\"grid_row_gap\":\"small\",\"margin\":\"large\",\"text_align\":\"center\"},\"children\":[{\"type\":\"button_item\",\"props\":{\"button_style\":\"default\",\"content\":\"More photos\",\"icon_align\":\"left\",\"link\":\"#\"}}]}]}]}]},{\"type\":\"section\",\"props\":{\"image_position\":\"center-center\",\"padding_remove_top\":false,\"style\":\"default\",\"title_breakpoint\":\"xl\",\"title_position\":\"top-left\",\"title_rotation\":\"left\",\"vertical_align\":\"\",\"width\":\"large\"},\"children\":[{\"type\":\"row\",\"children\":[{\"type\":\"column\",\"props\":{\"image_position\":\"center-center\",\"position_sticky_breakpoint\":\"m\"},\"children\":[{\"type\":\"button\",\"props\":{\"grid_column_gap\":\"small\",\"grid_row_gap\":\"small\",\"margin\":\"default\",\"text_align\":\"center\"},\"children\":[{\"type\":\"button_item\",\"props\":{\"button_style\":\"text\",\"content\":\"Recenzii Google \",\"icon\":\"google\",\"icon_align\":\"left\",\"link\":\"https:\\\/\\\/g.page\\\/r\\\/CaNno3FaqEFjEAI\\\/review\",\"link_target\":\"blank\"}}]},{\"type\":\"panel-slider\",\"props\":{\"content_column_breakpoint\":\"m\",\"content_margin\":\"remove\",\"content_style\":\"text-meta\",\"icon_width\":80,\"image_align\":\"left\",\"image_border\":\"circle\",\"image_grid_breakpoint\":\"m\",\"image_grid_width\":\"auto\",\"image_loading\":true,\"image_svg_color\":\"emphasis\",\"image_width\":\"75\",\"link_style\":\"\",\"link_text\":\"Read more\",\"margin\":\"default\",\"meta_align\":\"below-title\",\"meta_element\":\"div\",\"meta_style\":\"text-meta\",\"nav\":\"dotnav\",\"nav_align\":\"center\",\"nav_breakpoint\":\"s\",\"panel_card_offset\":false,\"panel_expand\":false,\"panel_image_no_padding\":false,\"panel_match\":true,\"panel_padding\":\"default\",\"panel_style\":\"card-default\",\"show_content\":true,\"show_image\":true,\"show_link\":true,\"show_meta\":true,\"show_title\":true,\"slidenav\":\"outside\",\"slidenav_breakpoint\":\"xl\",\"slidenav_hover\":false,\"slidenav_large\":false,\"slidenav_margin\":\"medium\",\"slidenav_outside_breakpoint\":\"xl\",\"slider_autoplay\":true,\"slider_autoplay_pause\":false,\"slider_center\":false,\"slider_finite\":false,\"slider_gap\":\"small\",\"slider_parallax\":false,\"slider_width\":\"fixed\",\"slider_width_default\":\"5-6\",\"slider_width_medium\":\"1-3\",\"slider_width_small\":\"1-2\",\"title_align\":\"top\",\"title_element\":\"div\",\"title_grid_breakpoint\":\"m\",\"title_grid_width\":\"1-2\",\"title_hover_style\":\"reset\",\"title_margin\":\"medium\",\"title_style\":\"h5\",\"yooessentials_access_conditions\":[],\"yooessentials_access_mode\":\"AND\"},\"children\":[{\"type\":\"panel-slider_item\",\"props\":{\"image_alt\":\"Cabinet de Psihologie Oradea Sella Andre\",\"link\":\"https:\\\/\\\/g.page\\\/r\\\/CSu0cqByNzF0EBM\\\/review\",\"link_text\":\"Adaug\\u0103 o recenzie\",\"yooessentials_access_conditions\":[{\"type\":\"yooessentials_access_dynamic\",\"id\":\"ci_06FE79\",\"props\":{\"condition\":\"!\",\"reversed\":true},\"source\":{\"props\":{\"value\":{\"name\":\"original_comment\"}}}}],\"yooessentials_access_mode\":\"AND\"},\"source\":{\"props\":{\"title\":{\"filters\":{\"search\":\"\"},\"name\":\"reviewer.displayName\"},\"image\":{\"filters\":{\"search\":\"\"},\"name\":\"reviewer.profilePhotoUrl\"},\"_condition\":{\"filters\":{\"condition\":\">\",\"condition_value\":\"4\"},\"name\":\"starRating\"},\"content\":{\"filters\":{\"search\":\"\",\"limit\":200,\"before\":\"\\\"\",\"after\":\"\\\"\"},\"name\":\"original_comment\"}},\"query\":{\"name\":\"googleMyBusinessReviews_2B0082_query\",\"arguments\":{\"order_by\":\"update_time desc\",\"limit\":11,\"cache\":7200}}}}]}]}]}],\"name\":\"Recenzii Google\"}],\"version\":\"4.4.12\",\"yooessentialsVersion\":\"2.2.11\"} --><\/p>\n","protected":false},"excerpt":{"rendered":"<p>\u00cen aceast\u0103 sec\u021biune, ve\u021bi descoperi certific\u0103rile \u0219i atest\u0103rile mele profesionale, care v\u0103 ofer\u0103 o garan\u021bie a preg\u0103tirii mele de \u00eenalt\u0103 calitate. Fiecare calificare pe care am ob\u021binut-o confirm\u0103 angajamentul meu fa\u021b\u0103 de excelen\u021ba profesional\u0103 \u0219i dorin\u021ba sincer\u0103 de a aduce un impact pozitiv \u00een via\u021ba celor care \u00eemi solicit\u0103 sprijinul. Atestat de liber\u0103 practic\u0103 nr. [&hellip;]<\/p>\n","protected":false},"author":2,"featured_media":0,"parent":0,"menu_order":0,"comment_status":"closed","ping_status":"closed","template":"","meta":{"_acf_changed":false,"footnotes":""},"class_list":["post-1713","page","type-page","status-publish","hentry"],"acf":[],"aioseo_notices":[],"jetpack_sharing_enabled":true,"jetpack_likes_enabled":false,"_links":{"self":[{"href":"https:\/\/sellaandre.com\/en\/wp-json\/wp\/v2\/pages\/1713","targetHints":{"allow":["GET"]}}],"collection":[{"href":"https:\/\/sellaandre.com\/en\/wp-json\/wp\/v2\/pages"}],"about":[{"href":"https:\/\/sellaandre.com\/en\/wp-json\/wp\/v2\/types\/page"}],"author":[{"embeddable":true,"href":"https:\/\/sellaandre.com\/en\/wp-json\/wp\/v2\/users\/2"}],"replies":[{"embeddable":true,"href":"https:\/\/sellaandre.com\/en\/wp-json\/wp\/v2\/comments?post=1713"}],"version-history":[{"count":3,"href":"https:\/\/sellaandre.com\/en\/wp-json\/wp\/v2\/pages\/1713\/revisions"}],"predecessor-version":[{"id":1786,"href":"https:\/\/sellaandre.com\/en\/wp-json\/wp\/v2\/pages\/1713\/revisions\/1786"}],"wp:attachment":[{"href":"https:\/\/sellaandre.com\/en\/wp-json\/wp\/v2\/media?parent=1713"}],"curies":[{"name":"wp","href":"https:\/\/api.w.org\/{rel}","templated":true}]}}