{"id":22,"date":"2019-09-05T09:37:25","date_gmt":"2019-09-05T09:37:25","guid":{"rendered":"http:\/\/sellaandre.com\/?p=22"},"modified":"2025-02-05T14:02:14","modified_gmt":"2025-02-05T12:02:14","slug":"my-cv-sella-andre","status":"publish","type":"page","link":"https:\/\/sellaandre.com\/en\/cv-ul-meu-sella-andre\/","title":{"rendered":"My CV \u2013 SELLA ANDRE"},"content":{"rendered":"<h1>Sella Andre<\/h1>\n<p>\n    <a href=\"\/wp-content\/uploads\/2025\/02\/CV-SELLA-RO-0205.pdf\">CV Sella Andre<\/a>\n<\/p>\n<div><strong>Psiholog clinician \u0219i psihoterapeut, dedicat familiei, pasionat de sporturi exreme \u0219i afaceri<\/strong><\/div>\n<h2>Educa\u021bie<\/h2>\n<ul>\n<li>\n<h3>Master \u00een Administrarea Afacerilor<\/h3>\n<p>2022 \u2013 2023  | UBB, Cluj-Napoca<\/p>\n<div>\n<p>Programul de Masterat \u00een administrarea afacerilor este adaptat dup\u0103 cele similare de la cele mai bune \u0219coli de business din lume. UBB colaboreaz\u0103 cu cele mai importante companii din Cluj-Napoca, oferind cursuri concepute pe baza cerin\u021belor \u0219i recomand\u0103rilor mediului de afaceri. Studen\u021bii \u00eenva\u021b\u0103 elementele de baz\u0103 ale marketingului, managementului, economiei, finan\u021belor \u0219i contabilit\u0103\u021bii, pentru a \u00een\u021belege func\u021bionarea unei companii.<\/p>\n<\/div>\n<\/li>\n<li>\n<h3>Master \u00een Psihologie clinic\u0103, consiliere psihologic\u0103 \u0219i psihoterapie<\/h3>\n<p>2019 \u2013 2021 | Universitatea din Oradea<\/p>\n<div>\n<p>Acest program ofer\u0103 o preg\u0103tire academic\u0103 \u0219i practic\u0103 solid\u0103, concentr\u00e2ndu-se pe teoria \u0219i abord\u0103rile practice ale psihoterapiei. Scopul principal al programului este s\u0103 preg\u0103teasc\u0103 studen\u021bii \u00een vederea practic\u0103rii psihoterapiei \u00eentr-un mod etic, responsabil \u0219i eficient.\u00a0<\/p>\n<\/div>\n<\/li>\n<li>\n<h3>Licen\u021biat \u00een Psihologie<\/h3>\n<p>2019 \u2013 2021 | Universitatea din Oradea<\/p>\n<div>\n<p>Curriculumul Facult\u0103\u021bii de Psihologie este conceput astfel \u00eenc\u00e2t s\u0103 dezvolte abilit\u0103\u021bi critice \u0219i analitice, <span>de comunicare, analiz\u0103 \u0219i evaluare,<\/span> s\u0103 promoveze \u00een\u021belegerea complex\u0103 a factorilor psihologici care stau la baza comportamentului uman.<\/p>\n<\/div>\n<\/li>\n<\/ul>\n<h2>Antreprenoriat<\/h2>\n<ul>\n<li>\n<h3>General Manager &#8211; Negroponte SRL<\/h3>\n<p>2004 \u2013 prezent | Gheorghe Doja nr. 26, Oradea, Rom\u00e2nia<\/p>\n<\/li>\n<li>\n<h3>Reprezentant  &#8211; MOL Romania Petroleum Products SRL<\/h3>\n<p>2005 \u2013 prezent | \u0218tefan cel Mare nr. 89, Oradea, Rom\u00e2nia<\/p>\n<\/li>\n<\/ul>\n<div>\n<p>        <img decoding=\"async\" src=\"\/wp-content\/uploads\/2023\/07\/sella-andre-01.jpg\" alt=\"Cabinet de Psihologie Oradea Sella Andre\"><\/p>\n<div>Follow Me<\/div>\n<div>\n<ul class=\"uk-list uk-link-text\">\n<li><a href=\"https:\/\/www.instagram.com\/sella.andris\/\" target=\"_blank\"><span uk-icon=\"icon: instagram\" class=\"uk-margin-small-right\"><\/span>Instagram<\/a><\/li>\n<li><a href=\"https:\/\/www.linkedin.com\/in\/andre-sella-407a96249\/\" target=\"_blank\"><span uk-icon=\"icon: linkedin\" class=\"uk-margin-small-right\"><\/span>Linkedin<\/a><\/li>\n<li><a href=\"https:\/\/www.facebook.com\/psyche.logos.311\" target=\"_blank\"><span uk-icon=\"icon: facebook\" class=\"uk-margin-small-right\"><\/span>Facebook<\/a><\/li>\n<\/ul>\n<\/div>\n<\/div>\n<h2>Limbi vorbite<\/h2>\n<ul>\n<li>\n<h3>Maghiar\u0103<\/h3>\n<p>Limba matern\u0103<\/p>\n<\/li>\n<li>\n<h3>Rom\u00e2n\u0103<\/h3>\n<p>C1<\/p>\n<\/li>\n<li>\n<h3>Englez\u0103<\/h3>\n<p>C2<\/p>\n<\/li>\n<li>\n<h3>Ebraic\u0103<\/h3>\n<p>B1<\/p>\n<\/li>\n<\/ul>\n<h2>Realiz\u0103ri<\/h2>\n<ul>\n<li>\n<h3>  Cabinet Individual de Psihologie <\/h3>\n<p>2019 \u2013 prezent | Parcul Petofi nr. 25, Oradea, Romania <\/p>\n<div>\n<p><span>Cabinetul reprezint\u0103 un loc de sprijin \u0219i cre\u0219tere personal\u0103, \u00een care v\u0103 ve\u021bi dezvolta abilit\u0103\u021bile de autoreflec\u021bie, de gestionare a emo\u021biilor \u0219i de construire a rela\u021biilor s\u0103n\u0103toase. Scopul final al \u00eent\u00e2lnirilor cu terapeutul este s\u0103 contribuie la \u00eembun\u0103t\u0103\u021birea bun\u0103st\u0103rii \u0219i calit\u0103\u021bii vie\u021bii dumneavoastr\u0103, oferindu-v\u0103\u00a0 instrumentele necesare pentru a v\u0103 atinge poten\u021bialul maxim \u0219i a v\u0103 bucura de o via\u021b\u0103 echilibrat\u0103 \u0219i \u00eemplinit\u0103.<\/span><\/p>\n<\/div>\n<\/li>\n<li>\n<h3>Membru fondator <br \/> \u201eCentrul Multimedia Studio Act\u201d<\/h3>\n<p>2015 &#8211; prezent | Strada Crinului nr. 2, Oradea, Rom\u00e2nia<\/p>\n<div>\n<p>Studio ACT este un spa\u021biu vibrant \u0219i accesibil, un mediu prietenos \u0219i incluziv, \u00een care to\u021bi cei interesa\u021bi de art\u0103 pot s\u0103 se conecteze, s\u0103 \u00eenve\u021be \u0219i s\u0103 creeze \u00eempreun\u0103. Studio Act continu\u0103 s\u0103 exploreze noi direc\u021bii artistice \u0219i de dezvoltare personal\u0103, care s\u0103 inspire \u0219i s\u0103 aduc\u0103 bucurie comunit\u0103\u021bii or\u0103dene.\u00a0<\/p>\n<\/div>\n<\/li>\n<\/ul>\n<h2>Pasiuni<\/h2>\n<ul>\n<li>\n<h3>marathon<\/h3>\n<\/li>\n<li>\n<h3>triathlon<\/h3>\n<\/li>\n<li>\n<h3>skateboarding<\/h3>\n<\/li>\n<li>\n<h3>snowboarding<\/h3>\n<\/li>\n<li>\n<h3>tracking<\/h3>\n<\/li>\n<li>\n<h3>tenis<\/h3>\n<\/li>\n<\/ul>\n<p><!--more--><br \/>\n<!-- {\"type\":\"layout\",\"children\":[{\"type\":\"section\",\"props\":{\"header_transparent\":true,\"header_transparent_noplaceholder\":false,\"header_transparent_text_color\":\"light\",\"image_position\":\"top-center\",\"media_visibility\":\"l\",\"padding\":\"large\",\"style\":\"default\",\"title_breakpoint\":\"xl\",\"title_position\":\"top-left\",\"title_rotation\":\"left\",\"vertical_align\":\"\",\"width\":\"large\"},\"children\":[{\"type\":\"row\",\"children\":[{\"type\":\"column\",\"props\":{\"image_position\":\"center-center\",\"position_sticky_breakpoint\":\"m\",\"width_medium\":\"1-1\"},\"children\":[{\"type\":\"headline\",\"props\":{\"content\":\"Sella Andre\",\"title_element\":\"h1\",\"title_style\":\"heading-large\"}},{\"type\":\"button\",\"props\":{\"grid_column_gap\":\"small\",\"grid_row_gap\":\"small\",\"margin\":\"default\"},\"children\":[{\"type\":\"button_item\",\"props\":{\"button_style\":\"default\",\"content\":\"CV Sella Andre\",\"icon\":\"file-pdf\",\"icon_align\":\"left\",\"link\":\"wp-content\\\/uploads\\\/2025\\\/02\\\/CV-SELLA-RO-0205.pdf\",\"link_target\":\"blank\"}}]}]}]},{\"type\":\"row\",\"props\":{\"column_gap\":\"large\",\"layout\":\"1-2,1-2\",\"margin\":\"xlarge\",\"row_gap\":\"large\"},\"children\":[{\"type\":\"column\",\"props\":{\"image_position\":\"center-center\",\"padding\":\"large\",\"position_sticky_breakpoint\":\"m\",\"width_small\":\"1-2\"},\"children\":[{\"type\":\"headline\",\"props\":{\"content\":\"<strong>Psiholog clinician \\u0219i psihoterapeut, dedicat familiei, pasionat de sporturi exreme \\u0219i afaceri<\\\/strong>\",\"margin\":\"xlarge\",\"maxwidth\":\"large\",\"maxwidth_breakpoint\":\"m\",\"title_element\":\"div\",\"title_style\":\"h2\"}},{\"type\":\"headline\",\"props\":{\"content\":\"Educa\\u021bie\",\"margin\":\"large\",\"margin_remove_bottom\":false,\"margin_remove_top\":false,\"title_decoration\":\"bullet\",\"title_element\":\"h2\"}},{\"type\":\"grid\",\"props\":{\"content_column_breakpoint\":\"m\",\"content_margin\":\"small\",\"filter_align\":\"left\",\"filter_all\":true,\"filter_grid_breakpoint\":\"m\",\"filter_grid_width\":\"auto\",\"filter_position\":\"top\",\"filter_style\":\"tab\",\"grid_column_gap\":\"large\",\"grid_default\":\"1\",\"grid_divider\":false,\"grid_medium\":\"\",\"grid_row_gap\":\"large\",\"icon_width\":80,\"image_align\":\"top\",\"image_grid_breakpoint\":\"m\",\"image_grid_width\":\"1-2\",\"image_svg_color\":\"emphasis\",\"item_animation\":true,\"link_style\":\"default\",\"link_text\":\"Read more\",\"margin\":\"default\",\"maxwidth\":\"large\",\"maxwidth_breakpoint\":\"m\",\"meta_align\":\"above-title\",\"meta_element\":\"div\",\"meta_style\":\"text-meta\",\"parallax_easing\":\"1\",\"show_content\":true,\"show_image\":true,\"show_link\":true,\"show_meta\":true,\"show_title\":true,\"title_align\":\"top\",\"title_element\":\"h3\",\"title_grid_breakpoint\":\"m\",\"title_grid_width\":\"1-2\",\"title_hover_style\":\"reset\",\"title_margin\":\"small\"},\"children\":[{\"type\":\"grid_item\",\"props\":{\"content\":\"\n\n<p>Programul de Masterat \\u00een administrarea afacerilor este adaptat dup\\u0103 cele similare de la cele mai bune \\u0219coli de business din lume. UBB colaboreaz\\u0103 cu cele mai importante companii din Cluj-Napoca, oferind cursuri concepute pe baza cerin\\u021belor \\u0219i recomand\\u0103rilor mediului de afaceri. Studen\\u021bii \\u00eenva\\u021b\\u0103 elementele de baz\\u0103 ale marketingului, managementului, economiei, finan\\u021belor \\u0219i contabilit\\u0103\\u021bii, pentru a \\u00een\\u021belege func\\u021bionarea unei companii.<\\\/p>\",\"meta\":\"2022 \\u2013 2023  | UBB, Cluj-Napoca\",\"title\":\"Master \\u00een Administrarea Afacerilor\"}},{\"type\":\"grid_item\",\"props\":{\"content\":\"\n\n<p>Acest program ofer\\u0103 o preg\\u0103tire academic\\u0103 \\u0219i practic\\u0103 solid\\u0103, concentr\\u00e2ndu-se pe teoria \\u0219i abord\\u0103rile practice ale psihoterapiei. Scopul principal al programului este s\\u0103 preg\\u0103teasc\\u0103 studen\\u021bii \\u00een vederea practic\\u0103rii psihoterapiei \\u00eentr-un mod etic, responsabil \\u0219i eficient.\\u00a0<\\\/p>\",\"meta\":\"2019 \\u2013 2021 | Universitatea din Oradea\",\"title\":\"Master \\u00een Psihologie clinic\\u0103, consiliere psihologic\\u0103 \\u0219i psihoterapie\"}},{\"type\":\"grid_item\",\"props\":{\"content\":\"\n\n<p>Curriculumul Facult\\u0103\\u021bii de Psihologie este conceput astfel \\u00eenc\\u00e2t s\\u0103 dezvolte abilit\\u0103\\u021bi critice \\u0219i analitice, <span>de comunicare, analiz\\u0103 \\u0219i evaluare,<\\\/span> s\\u0103 promoveze \\u00een\\u021belegerea complex\\u0103 a factorilor psihologici care stau la baza comportamentului uman.<\\\/p>\",\"meta\":\"2019 \\u2013 2021 | Universitatea din Oradea\",\"title\":\"Licen\\u021biat \\u00een Psihologie\"}}]},{\"type\":\"headline\",\"props\":{\"content\":\"Antreprenoriat\",\"margin\":\"large\",\"margin_remove_bottom\":false,\"margin_remove_top\":false,\"title_decoration\":\"bullet\",\"title_element\":\"h2\"}},{\"type\":\"grid\",\"props\":{\"content_column_breakpoint\":\"m\",\"content_margin\":\"small\",\"filter_align\":\"left\",\"filter_all\":true,\"filter_grid_breakpoint\":\"m\",\"filter_grid_width\":\"auto\",\"filter_position\":\"top\",\"filter_style\":\"tab\",\"grid_column_gap\":\"large\",\"grid_default\":\"1\",\"grid_divider\":false,\"grid_medium\":\"\",\"grid_row_gap\":\"large\",\"icon_width\":80,\"image_align\":\"top\",\"image_grid_breakpoint\":\"m\",\"image_grid_width\":\"1-2\",\"image_svg_color\":\"emphasis\",\"item_animation\":true,\"link_style\":\"default\",\"link_text\":\"Read more\",\"margin\":\"default\",\"maxwidth\":\"large\",\"maxwidth_breakpoint\":\"m\",\"meta_align\":\"above-title\",\"meta_element\":\"div\",\"meta_style\":\"text-meta\",\"parallax_easing\":\"1\",\"show_content\":true,\"show_image\":true,\"show_link\":true,\"show_meta\":true,\"show_title\":true,\"title_align\":\"top\",\"title_element\":\"h3\",\"title_grid_breakpoint\":\"m\",\"title_grid_width\":\"1-2\",\"title_hover_style\":\"reset\",\"title_margin\":\"small\"},\"children\":[{\"type\":\"grid_item\",\"props\":{\"content\":\"\",\"meta\":\"2004 \\u2013 prezent | Gheorghe Doja nr. 26, Oradea, Rom\\u00e2nia\",\"title\":\"General Manager - Negroponte SRL\"}},{\"type\":\"grid_item\",\"props\":{\"content\":\"\",\"meta\":\"2005 \\u2013 prezent | \\u0218tefan cel Mare nr. 89, Oradea, Rom\\u00e2nia\",\"title\":\"Reprezentant  - MOL Romania Petroleum Products SRL\"}}]}]},{\"type\":\"column\",\"props\":{\"image_position\":\"center-center\",\"position_sticky_breakpoint\":\"m\",\"width_small\":\"1-2\"},\"children\":[{\"type\":\"panel\",\"props\":{\"content\":\"\n\n<ul class=\\\"uk-list uk-link-text\\\">\\n  \n\n<li><a href=\\\"https:\\\/\\\/www.instagram.com\\\/sella.andris\\\/\\\" target=\\\"_blank\\\"><span uk-icon=\\\"icon: instagram\\\" class=\\\"uk-margin-small-right\\\"><\\\/span>Instagram<\\\/a><\\\/li>\\n  \n\n<li><a href=\\\"https:\\\/\\\/www.linkedin.com\\\/in\\\/andre-sella-407a96249\\\/\\\" target=\\\"_blank\\\"><span uk-icon=\\\"icon: linkedin\\\" class=\\\"uk-margin-small-right\\\"><\\\/span>Linkedin<\\\/a><\\\/li>\\n  \n\n<li><a href=\\\"https:\\\/\\\/www.facebook.com\\\/psyche.logos.311\\\" target=\\\"_blank\\\"><span uk-icon=\\\"icon: facebook\\\" class=\\\"uk-margin-small-right\\\"><\\\/span>Facebook<\\\/a><\\\/li>\\n<\\\/ul>\",\"content_column_breakpoint\":\"m\",\"icon_width\":80,\"image\":\"wp-content\\\/uploads\\\/2023\\\/07\\\/sella-andre-01.jpg\",\"image_align\":\"left\",\"image_alt\":\"Cabinet de Psihologie Oradea Sella Andre\",\"image_box_decoration\":\"mask\",\"image_grid_breakpoint\":\"\",\"image_grid_width\":\"1-2\",\"image_svg_color\":\"emphasis\",\"image_vertical_align\":true,\"image_width\":\"220\",\"link_style\":\"default\",\"link_text\":\"Read more\",\"margin\":\"large\",\"maxwidth\":\"large\",\"meta_align\":\"below-title\",\"meta_element\":\"div\",\"meta_style\":\"text-meta\",\"title\":\"Follow Me\",\"title_align\":\"top\",\"title_element\":\"div\",\"title_grid_breakpoint\":\"m\",\"title_grid_width\":\"1-2\",\"title_hover_style\":\"reset\",\"title_style\":\"h3\"}},{\"type\":\"headline\",\"props\":{\"content\":\"Limbi vorbite\",\"margin\":\"large\",\"margin_remove_bottom\":true,\"title_decoration\":\"bullet\",\"title_element\":\"h2\"}},{\"type\":\"grid\",\"props\":{\"content_column_breakpoint\":\"m\",\"content_margin\":\"small\",\"filter_align\":\"left\",\"filter_all\":true,\"filter_grid_breakpoint\":\"m\",\"filter_grid_width\":\"auto\",\"filter_position\":\"top\",\"filter_style\":\"tab\",\"grid_default\":\"2\",\"grid_divider\":false,\"grid_medium\":\"\",\"icon_width\":80,\"image_align\":\"top\",\"image_grid_breakpoint\":\"m\",\"image_grid_width\":\"1-2\",\"image_svg_color\":\"emphasis\",\"item_animation\":true,\"link_style\":\"default\",\"link_text\":\"Read more\",\"margin\":\"large\",\"maxwidth\":\"large\",\"meta_align\":\"above-title\",\"meta_element\":\"div\",\"meta_style\":\"text-meta\",\"parallax_easing\":\"1\",\"show_content\":true,\"show_image\":true,\"show_link\":true,\"show_meta\":true,\"show_title\":true,\"title_align\":\"top\",\"title_element\":\"h3\",\"title_grid_breakpoint\":\"m\",\"title_grid_width\":\"1-2\",\"title_hover_style\":\"reset\",\"title_margin\":\"small\"},\"children\":[{\"type\":\"grid_item\",\"props\":{\"content\":\"\",\"meta\":\"Limba matern\\u0103\",\"title\":\"Maghiar\\u0103\"}},{\"type\":\"grid_item\",\"props\":{\"content\":\"\",\"meta\":\"C1\",\"title\":\"Rom\\u00e2n\\u0103\"}},{\"type\":\"grid_item\",\"props\":{\"content\":\"\",\"meta\":\"C2\",\"title\":\"Englez\\u0103\"}},{\"type\":\"grid_item\",\"props\":{\"content\":\"\",\"meta\":\"B1\",\"title\":\"Ebraic\\u0103\"}}]},{\"type\":\"headline\",\"props\":{\"content\":\"Realiz\\u0103ri\",\"margin\":\"large\",\"title_decoration\":\"bullet\",\"title_element\":\"h2\"}},{\"type\":\"grid\",\"props\":{\"content_column_breakpoint\":\"m\",\"content_margin\":\"small\",\"filter_align\":\"left\",\"filter_all\":true,\"filter_grid_breakpoint\":\"m\",\"filter_grid_width\":\"auto\",\"filter_position\":\"top\",\"filter_style\":\"tab\",\"grid_column_gap\":\"large\",\"grid_default\":\"1\",\"grid_divider\":false,\"grid_medium\":\"\",\"grid_row_gap\":\"large\",\"icon_width\":80,\"image_align\":\"top\",\"image_grid_breakpoint\":\"m\",\"image_grid_width\":\"1-2\",\"image_svg_color\":\"emphasis\",\"item_animation\":true,\"link_style\":\"default\",\"link_text\":\"Read more\",\"margin\":\"\",\"margin_remove_bottom\":false,\"margin_remove_top\":false,\"maxwidth\":\"large\",\"maxwidth_breakpoint\":\"m\",\"meta_align\":\"above-title\",\"meta_element\":\"div\",\"meta_style\":\"text-meta\",\"parallax_easing\":\"1\",\"show_content\":true,\"show_image\":true,\"show_link\":true,\"show_meta\":true,\"show_title\":true,\"title_align\":\"top\",\"title_element\":\"h3\",\"title_grid_breakpoint\":\"m\",\"title_grid_width\":\"1-2\",\"title_hover_style\":\"reset\",\"title_margin\":\"small\"},\"children\":[{\"type\":\"grid_item\",\"props\":{\"content\":\"\n\n<p><span>Cabinetul reprezint\\u0103 un loc de sprijin \\u0219i cre\\u0219tere personal\\u0103, \\u00een care v\\u0103 ve\\u021bi dezvolta abilit\\u0103\\u021bile de autoreflec\\u021bie, de gestionare a emo\\u021biilor \\u0219i de construire a rela\\u021biilor s\\u0103n\\u0103toase. Scopul final al \\u00eent\\u00e2lnirilor cu terapeutul este s\\u0103 contribuie la \\u00eembun\\u0103t\\u0103\\u021birea bun\\u0103st\\u0103rii \\u0219i calit\\u0103\\u021bii vie\\u021bii dumneavoastr\\u0103, oferindu-v\\u0103\\u00a0 instrumentele necesare pentru a v\\u0103 atinge poten\\u021bialul maxim \\u0219i a v\\u0103 bucura de o via\\u021b\\u0103 echilibrat\\u0103 \\u0219i \\u00eemplinit\\u0103.<\\\/span><\\\/p>\",\"meta\":\"2019 \\u2013 prezent | Parcul Petofi nr. 25, Oradea, Romania \",\"title\":\"  Cabinet Individual de Psihologie \"}},{\"type\":\"grid_item\",\"props\":{\"content\":\"\n\n<p>Studio ACT este un spa\\u021biu vibrant \\u0219i accesibil, un mediu prietenos \\u0219i incluziv, \\u00een care to\\u021bi cei interesa\\u021bi de art\\u0103 pot s\\u0103 se conecteze, s\\u0103 \\u00eenve\\u021be \\u0219i s\\u0103 creeze \\u00eempreun\\u0103. Studio Act continu\\u0103 s\\u0103 exploreze noi direc\\u021bii artistice \\u0219i de dezvoltare personal\\u0103, care s\\u0103 inspire \\u0219i s\\u0103 aduc\\u0103 bucurie comunit\\u0103\\u021bii or\\u0103dene.\\u00a0<\\\/p>\",\"meta\":\"2015 - prezent | Strada Crinului nr. 2, Oradea, Rom\\u00e2nia\",\"title\":\"Membru fondator <br \/> \\u201eCentrul Multimedia Studio Act\\u201d\"}}]},{\"type\":\"headline\",\"props\":{\"content\":\"Pasiuni\",\"margin\":\"large\",\"margin_remove_bottom\":true,\"title_decoration\":\"bullet\",\"title_element\":\"h2\"}},{\"type\":\"grid\",\"props\":{\"content_column_breakpoint\":\"m\",\"content_margin\":\"small\",\"filter_align\":\"left\",\"filter_all\":true,\"filter_grid_breakpoint\":\"m\",\"filter_grid_width\":\"auto\",\"filter_position\":\"top\",\"filter_style\":\"tab\",\"grid_default\":\"2\",\"grid_divider\":false,\"grid_medium\":\"\",\"icon_width\":80,\"image_align\":\"top\",\"image_grid_breakpoint\":\"m\",\"image_grid_width\":\"1-2\",\"image_svg_color\":\"emphasis\",\"item_animation\":true,\"link_style\":\"default\",\"link_text\":\"Read more\",\"margin\":\"large\",\"maxwidth\":\"large\",\"meta_align\":\"above-title\",\"meta_element\":\"div\",\"meta_style\":\"text-meta\",\"parallax_easing\":\"1\",\"show_content\":true,\"show_image\":true,\"show_link\":true,\"show_meta\":true,\"show_title\":true,\"title_align\":\"top\",\"title_element\":\"h3\",\"title_grid_breakpoint\":\"m\",\"title_grid_width\":\"1-2\",\"title_hover_style\":\"reset\",\"title_margin\":\"small\"},\"children\":[{\"type\":\"grid_item\",\"props\":{\"content\":\"\",\"meta\":\"\",\"title\":\"marathon\"}},{\"type\":\"grid_item\",\"props\":{\"content\":\"\",\"meta\":\"\",\"title\":\"triathlon\"}},{\"type\":\"grid_item\",\"props\":{\"content\":\"\",\"meta\":\"\",\"title\":\"skateboarding\"}},{\"type\":\"grid_item\",\"props\":{\"content\":\"\",\"meta\":\"\",\"title\":\"snowboarding\"}},{\"type\":\"grid_item\",\"props\":{\"content\":\"\",\"meta\":\"\",\"title\":\"tracking\"}},{\"type\":\"grid_item\",\"props\":{\"content\":\"\",\"meta\":\"\",\"title\":\"tenis\"}}]}]}]}],\"name\":\"About\"}],\"version\":\"4.4.20\",\"yooessentialsVersion\":\"2.2.11\"} --><\/p>\n","protected":false},"excerpt":{"rendered":"<p>Sella Andre CV Sella Andre Psiholog clinician \u0219i psihoterapeut, dedicat familiei, pasionat de sporturi exreme \u0219i afaceri Educa\u021bie Master \u00een Administrarea Afacerilor 2022 \u2013 2023 | UBB, Cluj-Napoca Programul de Masterat \u00een administrarea afacerilor este adaptat dup\u0103 cele similare de la cele mai bune \u0219coli de business din lume. UBB colaboreaz\u0103 cu cele mai importante [&hellip;]<\/p>\n","protected":false},"author":2,"featured_media":0,"parent":0,"menu_order":0,"comment_status":"open","ping_status":"closed","template":"","meta":{"_acf_changed":false,"footnotes":""},"class_list":["post-22","page","type-page","status-publish","hentry"],"acf":[],"aioseo_notices":[],"jetpack_sharing_enabled":true,"jetpack_likes_enabled":false,"_links":{"self":[{"href":"https:\/\/sellaandre.com\/en\/wp-json\/wp\/v2\/pages\/22","targetHints":{"allow":["GET"]}}],"collection":[{"href":"https:\/\/sellaandre.com\/en\/wp-json\/wp\/v2\/pages"}],"about":[{"href":"https:\/\/sellaandre.com\/en\/wp-json\/wp\/v2\/types\/page"}],"author":[{"embeddable":true,"href":"https:\/\/sellaandre.com\/en\/wp-json\/wp\/v2\/users\/2"}],"replies":[{"embeddable":true,"href":"https:\/\/sellaandre.com\/en\/wp-json\/wp\/v2\/comments?post=22"}],"version-history":[{"count":3,"href":"https:\/\/sellaandre.com\/en\/wp-json\/wp\/v2\/pages\/22\/revisions"}],"predecessor-version":[{"id":1829,"href":"https:\/\/sellaandre.com\/en\/wp-json\/wp\/v2\/pages\/22\/revisions\/1829"}],"wp:attachment":[{"href":"https:\/\/sellaandre.com\/en\/wp-json\/wp\/v2\/media?parent=22"}],"curies":[{"name":"wp","href":"https:\/\/api.w.org\/{rel}","templated":true}]}}